{"id":3022,"date":"2022-04-01T10:47:29","date_gmt":"2022-04-01T10:47:29","guid":{"rendered":"https:\/\/bohygge.de\/?post_type=product&#038;p=3022"},"modified":"2025-03-12T00:01:21","modified_gmt":"2025-03-12T00:01:21","slug":"bh-cw2-21","status":"publish","type":"product","link":"https:\/\/bohygge.de\/de\/produkt\/bh-cw2-21\/","title":{"rendered":"BH-CW2-21"},"content":{"rendered":"<p><strong>Pflegehinweise:<\/strong><strong>\u00a0 \u00a0 \u00a0 \u00a0\u00a0<\/strong><\/p>\n<ol>\n<li>Es ist m\u00f6glich, dass Farbabweichungen und Markierungen im Leder auftreten. Dies sind nat\u00fcrlich vorkommende Merkmale, die zur Einzigartigkeit Ihres BO HYGGE-Produkts beitragen und nicht als Unvollkommenheiten angesehen werden sollten.<\/li>\n<li>Um Ihr Produkt zu pflegen und zu erhalten, sollten Sie den Kontakt mit Wasser, \u00d6len, Parf\u00fcm und Kosmetika vermeiden. L\u00e4ngerer und direkter Kontakt mit Licht- und W\u00e4rmequellen sollte ebenfalls vermieden werden.<\/li>\n<li>Wenn Ihr Produkt nass wird, entfernen Sie \u00fcbersch\u00fcssige Feuchtigkeit, indem Sie es leicht mit einem weichen, trockenen Tuch abtupfen und bei Raumtemperatur trocknen.<\/li>\n<li>\u00a0Aufgrund des Herstellungsprozesses kann es bei unseren Ledern zu Farb\u00fcbertragungen kommen, insbesondere in feuchten Umgebungen. Bitte beachten Sie dies, besonders wenn Sie helle Farben tragen.<\/li>\n<li>Wenn Sie Ihr Produkt nicht benutzen, empfehlen wir, es an einem k\u00fchlen, trockenen Ort aufzubewahren oder Staubbeutel aus Baumwollstoff zu verwenden.<\/li>\n<\/ol>","protected":false},"excerpt":{"rendered":"<p><strong>Produkt-Beschreibungen:<\/strong><\/p>\n<ul>\n<li>Multifunktionales, einfaches, wendiges &amp; klassisches Portemonnaie f\u00fcr den t\u00e4glichen Gebrauch, 1 Fach f\u00fcr M\u00fcnzen, 8 F\u00e4cher f\u00fcr Kreditkarten und 2 F\u00e4cher f\u00fcr Geldscheine, 2 F\u00e4cher f\u00fcr Personalausweis, Passfoto, F\u00fchrerschein.<\/li>\n<li>Entwickelt vom BH-Team.<\/li>\n<li>12 * 9.6 * 2 CM\/ 4.7 * 3.8 * 0.8 IN<\/li>\n<li>100 gm.<\/li>\n<li>Das Portemonnaie ist aus voll gegerbtem \"Nappa\"-Rindsleder aus Bangladesh, das Futter aus Nylon mit schlabberigen Eigenschaften aus China.<\/li>\n<li>YKK-Rei\u00dfverschluss, mit Lederpuller.<\/li>\n<li>Verantwortungsvoll hergestellt in Bangladesch.<\/li>\n<\/ul>","protected":false},"featured_media":3086,"comment_status":"open","ping_status":"closed","template":"","meta":[],"product_brand":[],"product_cat":[353,97,115,108],"product_tag":[341,356,322,361,339,360,355],"class_list":{"0":"post-3022","1":"product","2":"type-product","3":"status-publish","4":"has-post-thumbnail","6":"product_cat-men-bags","7":"product_cat-men","8":"product_cat-accessories-men","9":"product_cat-leather-goods-men","10":"product_tag-bhleathergoods","11":"product_tag-bhslg","12":"product_tag-bohygge","13":"product_tag-bohyggewallet","14":"product_tag-leatheraccessories","15":"product_tag-originalleatherwallet","16":"product_tag-slg","17":"pa_color-black","18":"pa_color-tan","20":"first","21":"instock","22":"sale","23":"taxable","24":"shipping-taxable","25":"purchasable","26":"product-type-variable"},"yoast_head":"<!-- This site is optimized with the Yoast SEO plugin v25.1 - https:\/\/yoast.com\/wordpress\/plugins\/seo\/ -->\n<title>BH-CW2-21 - BO HYGGE<\/title>\n<meta name=\"robots\" content=\"index, follow, max-snippet:-1, max-image-preview:large, max-video-preview:-1\" \/>\n<link rel=\"canonical\" href=\"https:\/\/bohygge.de\/de\/produkt\/bh-cw2-21\/\" \/>\n<meta property=\"og:locale\" content=\"de_DE\" \/>\n<meta property=\"og:type\" content=\"article\" \/>\n<meta property=\"og:title\" content=\"BH-CW2-21 - BO HYGGE\" \/>\n<meta property=\"og:description\" content=\"Product Descriptions:   Multi-functional, basic, agile &amp; Classic wallet for daily usage, 1 compartment for coins, 8 pocket credit cards, and 2 chambers folded banknotes, 2 chambers for ID card, Passport photo, license.  Developed by the BH team.  12 * 9.6 * 2 CM\/ 4.7 * 3.8 * 0.8 IN  100 gm.  The wallet is made of full tanned \u201cNappa\u201d cowhide from Bangladesh, lining made of nylon with slobbery properties from China.  YKK-zipper, with leather puller.  Made responsibly in Bangladesh.\" \/>\n<meta property=\"og:url\" content=\"https:\/\/bohygge.de\/de\/produkt\/bh-cw2-21\/\" \/>\n<meta property=\"og:site_name\" content=\"BO HYGGE\" \/>\n<meta property=\"article:modified_time\" content=\"2025-03-12T00:01:21+00:00\" \/>\n<meta property=\"og:image\" content=\"https:\/\/bohygge.de\/wp-content\/uploads\/2022\/04\/1-5.png\" \/>\n\t<meta property=\"og:image:width\" content=\"708\" \/>\n\t<meta property=\"og:image:height\" content=\"1063\" \/>\n\t<meta property=\"og:image:type\" content=\"image\/png\" \/>\n<meta name=\"twitter:card\" content=\"summary_large_image\" \/>\n<meta name=\"twitter:label1\" content=\"Gesch\u00e4tzte Lesezeit\" \/>\n\t<meta name=\"twitter:data1\" content=\"1\u00a0Minute\" \/>\n<script type=\"application\/ld+json\" class=\"yoast-schema-graph\">{\"@context\":\"https:\/\/schema.org\",\"@graph\":[{\"@type\":\"WebPage\",\"@id\":\"https:\/\/bohygge.de\/de\/produkt\/bh-cw2-21\/\",\"url\":\"https:\/\/bohygge.de\/de\/produkt\/bh-cw2-21\/\",\"name\":\"BH-CW2-21 - BO HYGGE\",\"isPartOf\":{\"@id\":\"https:\/\/bohygge.de\/#website\"},\"primaryImageOfPage\":{\"@id\":\"https:\/\/bohygge.de\/de\/produkt\/bh-cw2-21\/#primaryimage\"},\"image\":{\"@id\":\"https:\/\/bohygge.de\/de\/produkt\/bh-cw2-21\/#primaryimage\"},\"thumbnailUrl\":\"https:\/\/bohygge.de\/wp-content\/uploads\/2022\/04\/1-5.png\",\"datePublished\":\"2022-04-01T10:47:29+00:00\",\"dateModified\":\"2025-03-12T00:01:21+00:00\",\"breadcrumb\":{\"@id\":\"https:\/\/bohygge.de\/de\/produkt\/bh-cw2-21\/#breadcrumb\"},\"inLanguage\":\"de\",\"potentialAction\":[{\"@type\":\"ReadAction\",\"target\":[\"https:\/\/bohygge.de\/de\/produkt\/bh-cw2-21\/\"]}]},{\"@type\":\"ImageObject\",\"inLanguage\":\"de\",\"@id\":\"https:\/\/bohygge.de\/de\/produkt\/bh-cw2-21\/#primaryimage\",\"url\":\"https:\/\/bohygge.de\/wp-content\/uploads\/2022\/04\/1-5.png\",\"contentUrl\":\"https:\/\/bohygge.de\/wp-content\/uploads\/2022\/04\/1-5.png\",\"width\":708,\"height\":1063},{\"@type\":\"BreadcrumbList\",\"@id\":\"https:\/\/bohygge.de\/de\/produkt\/bh-cw2-21\/#breadcrumb\",\"itemListElement\":[{\"@type\":\"ListItem\",\"position\":1,\"name\":\"Home\",\"item\":\"https:\/\/bohygge.de\/\"},{\"@type\":\"ListItem\",\"position\":2,\"name\":\"Shop\",\"item\":\"https:\/\/bohygge.de\/shop\/\"},{\"@type\":\"ListItem\",\"position\":3,\"name\":\"BH-CW2-21\"}]},{\"@type\":\"WebSite\",\"@id\":\"https:\/\/bohygge.de\/#website\",\"url\":\"https:\/\/bohygge.de\/\",\"name\":\"BO HYGGE\",\"description\":\"Luxury Lifestyle Brand\",\"publisher\":{\"@id\":\"https:\/\/bohygge.de\/#organization\"},\"potentialAction\":[{\"@type\":\"SearchAction\",\"target\":{\"@type\":\"EntryPoint\",\"urlTemplate\":\"https:\/\/bohygge.de\/?s={search_term_string}\"},\"query-input\":{\"@type\":\"PropertyValueSpecification\",\"valueRequired\":true,\"valueName\":\"search_term_string\"}}],\"inLanguage\":\"de\"},{\"@type\":\"Organization\",\"@id\":\"https:\/\/bohygge.de\/#organization\",\"name\":\"BO HYGGE\",\"url\":\"https:\/\/bohygge.de\/\",\"logo\":{\"@type\":\"ImageObject\",\"inLanguage\":\"de\",\"@id\":\"https:\/\/bohygge.de\/#\/schema\/logo\/image\/\",\"url\":\"https:\/\/bohygge.de\/wp-content\/uploads\/2022\/02\/Asset-2@4x-8-1.png\",\"contentUrl\":\"https:\/\/bohygge.de\/wp-content\/uploads\/2022\/02\/Asset-2@4x-8-1.png\",\"width\":681,\"height\":681,\"caption\":\"BO HYGGE\"},\"image\":{\"@id\":\"https:\/\/bohygge.de\/#\/schema\/logo\/image\/\"}}]}<\/script>\n<!-- \/ Yoast SEO plugin. -->","yoast_head_json":{"title":"BH-CW2-21 - BO HYGGE","robots":{"index":"index","follow":"follow","max-snippet":"max-snippet:-1","max-image-preview":"max-image-preview:large","max-video-preview":"max-video-preview:-1"},"canonical":"https:\/\/bohygge.de\/de\/produkt\/bh-cw2-21\/","og_locale":"de_DE","og_type":"article","og_title":"BH-CW2-21 - BO HYGGE","og_description":"Product Descriptions:   Multi-functional, basic, agile &amp; Classic wallet for daily usage, 1 compartment for coins, 8 pocket credit cards, and 2 chambers folded banknotes, 2 chambers for ID card, Passport photo, license.  Developed by the BH team.  12 * 9.6 * 2 CM\/ 4.7 * 3.8 * 0.8 IN  100 gm.  The wallet is made of full tanned \u201cNappa\u201d cowhide from Bangladesh, lining made of nylon with slobbery properties from China.  YKK-zipper, with leather puller.  Made responsibly in Bangladesh.","og_url":"https:\/\/bohygge.de\/de\/produkt\/bh-cw2-21\/","og_site_name":"BO HYGGE","article_modified_time":"2025-03-12T00:01:21+00:00","og_image":[{"width":708,"height":1063,"url":"https:\/\/bohygge.de\/wp-content\/uploads\/2022\/04\/1-5.png","type":"image\/png"}],"twitter_card":"summary_large_image","twitter_misc":{"Gesch\u00e4tzte Lesezeit":"1\u00a0Minute"},"schema":{"@context":"https:\/\/schema.org","@graph":[{"@type":"WebPage","@id":"https:\/\/bohygge.de\/de\/produkt\/bh-cw2-21\/","url":"https:\/\/bohygge.de\/de\/produkt\/bh-cw2-21\/","name":"BH-CW2-21 - BO HYGGE","isPartOf":{"@id":"https:\/\/bohygge.de\/#website"},"primaryImageOfPage":{"@id":"https:\/\/bohygge.de\/de\/produkt\/bh-cw2-21\/#primaryimage"},"image":{"@id":"https:\/\/bohygge.de\/de\/produkt\/bh-cw2-21\/#primaryimage"},"thumbnailUrl":"https:\/\/bohygge.de\/wp-content\/uploads\/2022\/04\/1-5.png","datePublished":"2022-04-01T10:47:29+00:00","dateModified":"2025-03-12T00:01:21+00:00","breadcrumb":{"@id":"https:\/\/bohygge.de\/de\/produkt\/bh-cw2-21\/#breadcrumb"},"inLanguage":"de","potentialAction":[{"@type":"ReadAction","target":["https:\/\/bohygge.de\/de\/produkt\/bh-cw2-21\/"]}]},{"@type":"ImageObject","inLanguage":"de","@id":"https:\/\/bohygge.de\/de\/produkt\/bh-cw2-21\/#primaryimage","url":"https:\/\/bohygge.de\/wp-content\/uploads\/2022\/04\/1-5.png","contentUrl":"https:\/\/bohygge.de\/wp-content\/uploads\/2022\/04\/1-5.png","width":708,"height":1063},{"@type":"BreadcrumbList","@id":"https:\/\/bohygge.de\/de\/produkt\/bh-cw2-21\/#breadcrumb","itemListElement":[{"@type":"ListItem","position":1,"name":"Home","item":"https:\/\/bohygge.de\/"},{"@type":"ListItem","position":2,"name":"Shop","item":"https:\/\/bohygge.de\/shop\/"},{"@type":"ListItem","position":3,"name":"BH-CW2-21"}]},{"@type":"WebSite","@id":"https:\/\/bohygge.de\/#website","url":"https:\/\/bohygge.de\/","name":"BO HYGGE","description":"Luxury Lifestyle Brand","publisher":{"@id":"https:\/\/bohygge.de\/#organization"},"potentialAction":[{"@type":"SearchAction","target":{"@type":"EntryPoint","urlTemplate":"https:\/\/bohygge.de\/?s={search_term_string}"},"query-input":{"@type":"PropertyValueSpecification","valueRequired":true,"valueName":"search_term_string"}}],"inLanguage":"de"},{"@type":"Organization","@id":"https:\/\/bohygge.de\/#organization","name":"BO HYGGE","url":"https:\/\/bohygge.de\/","logo":{"@type":"ImageObject","inLanguage":"de","@id":"https:\/\/bohygge.de\/#\/schema\/logo\/image\/","url":"https:\/\/bohygge.de\/wp-content\/uploads\/2022\/02\/Asset-2@4x-8-1.png","contentUrl":"https:\/\/bohygge.de\/wp-content\/uploads\/2022\/02\/Asset-2@4x-8-1.png","width":681,"height":681,"caption":"BO HYGGE"},"image":{"@id":"https:\/\/bohygge.de\/#\/schema\/logo\/image\/"}}]}},"_links":{"self":[{"href":"https:\/\/bohygge.de\/de\/wp-json\/wp\/v2\/product\/3022","targetHints":{"allow":["GET"]}}],"collection":[{"href":"https:\/\/bohygge.de\/de\/wp-json\/wp\/v2\/product"}],"about":[{"href":"https:\/\/bohygge.de\/de\/wp-json\/wp\/v2\/types\/product"}],"replies":[{"embeddable":true,"href":"https:\/\/bohygge.de\/de\/wp-json\/wp\/v2\/comments?post=3022"}],"wp:featuredmedia":[{"embeddable":true,"href":"https:\/\/bohygge.de\/de\/wp-json\/wp\/v2\/media\/3086"}],"wp:attachment":[{"href":"https:\/\/bohygge.de\/de\/wp-json\/wp\/v2\/media?parent=3022"}],"wp:term":[{"taxonomy":"product_brand","embeddable":true,"href":"https:\/\/bohygge.de\/de\/wp-json\/wp\/v2\/product_brand?post=3022"},{"taxonomy":"product_cat","embeddable":true,"href":"https:\/\/bohygge.de\/de\/wp-json\/wp\/v2\/product_cat?post=3022"},{"taxonomy":"product_tag","embeddable":true,"href":"https:\/\/bohygge.de\/de\/wp-json\/wp\/v2\/product_tag?post=3022"}],"curies":[{"name":"wp","href":"https:\/\/api.w.org\/{rel}","templated":true}]}}