{"id":3012,"date":"2022-04-01T10:33:15","date_gmt":"2022-04-01T10:33:15","guid":{"rendered":"https:\/\/bohygge.de\/?post_type=product&#038;p=3012"},"modified":"2025-02-10T23:59:06","modified_gmt":"2025-02-10T23:59:06","slug":"bh-usp2-21","status":"publish","type":"product","link":"https:\/\/bohygge.de\/de\/produkt\/bh-usp2-21\/","title":{"rendered":"BH-USP2-21"},"content":{"rendered":"<p><strong>Pflegehinweise:<\/strong><strong>\u00a0 \u00a0 \u00a0 \u00a0<\/strong><\/p>\n<ol>\n<li>It is possible for color variations and markings to appear in the leather. These are naturally occurring features that add to the uniqueness of your BO HYGGE product and should not be thought of as imperfections.<\/li>\n<li>Um Ihr Produkt zu pflegen und zu erhalten, sollten Sie den Kontakt mit Wasser, \u00d6len, Parf\u00fcm und Kosmetika vermeiden. L\u00e4ngerer und direkter Kontakt mit Licht- und W\u00e4rmequellen sollte ebenfalls vermieden werden.<\/li>\n<li>Wenn Ihr Produkt nass wird, entfernen Sie \u00fcbersch\u00fcssige Feuchtigkeit, indem Sie es leicht mit einem weichen, trockenen Tuch abtupfen und bei Raumtemperatur trocknen.<\/li>\n<li>\u00a0Aufgrund des Herstellungsprozesses kann es bei unseren Ledern zu Farb\u00fcbertragungen kommen, insbesondere in feuchten Umgebungen. Bitte beachten Sie dies, besonders wenn Sie helle Farben tragen.<\/li>\n<li>Wenn Sie Ihr Produkt nicht benutzen, empfehlen wir, es an einem k\u00fchlen, trockenen Ort aufzubewahren oder Staubbeutel aus Baumwollstoff zu verwenden.<\/li>\n<\/ol>","protected":false},"excerpt":{"rendered":"<p><strong>Produkt-Beschreibungen:<\/strong><\/p>\n<ul>\n<li>This beautiful unisex wallet with a practical inner layout will keep your essentials in perfect order. It comes in a moderate size, making it easy to stow away. It appears a fine folded outlook after use.<\/li>\n<li>Compartments: Note compartment, Card slots, Coin pocket, Slit compartment, Photo chamber.<\/li>\n<li>10 * 10.5 * 3 CM\/ 4 * 4.05 * 1.2 INCH<\/li>\n<li>Decorative detail with the BH brand embroidery.<\/li>\n<li>Designed by the BH team.<\/li>\n<li>95 gm.<\/li>\n<li>The accessory is made of \u201cMetallic\u201d finished cowhide from Bangladesh &amp; the exclusive \u201cShanton\u201d lining is made of nylon fabric sourced from China.<\/li>\n<li>BH logo embroidered on the front flap center, a flexible snap button for attaching front and inner flap.<\/li>\n<\/ul>","protected":false},"featured_media":3077,"comment_status":"open","ping_status":"closed","template":"","meta":[],"product_brand":[],"product_cat":[108,198,353,354,97,15],"product_tag":[359,356,358,339,357],"class_list":{"0":"post-3012","1":"product","2":"type-product","3":"status-publish","4":"has-post-thumbnail","6":"product_cat-leather-goods-men","7":"product_cat-women-leathergoods","8":"product_cat-men-bags","9":"product_cat-women-bags-women-leathergoods","10":"product_cat-men","11":"product_cat-women","12":"product_tag-bhclassicmoneybagaccessories","13":"product_tag-bhslg","14":"product_tag-bhwallets","15":"product_tag-leatheraccessories","16":"product_tag-smallleathergoods","17":"pa_color-black","18":"pa_color-navy","20":"first","21":"instock","22":"sale","23":"taxable","24":"shipping-taxable","25":"purchasable","26":"product-type-variable"},"yoast_head":"<!-- This site is optimized with the Yoast SEO plugin v25.1 - https:\/\/yoast.com\/wordpress\/plugins\/seo\/ -->\n<title>BH-USP2-21 - BO HYGGE<\/title>\n<meta name=\"description\" content=\"Product Descriptions: This beautiful unisex wallet with a practical inner layout will keep your essentials in perfect order. It comes in a moderate size, making it easy to stow away. It appears a fine folded outlook after use.Compartments: Note compartment, Card slots, Coin pocket, Slit compartment, Photo chamber.10 * 10.5 * 3 CM\/ 4 * 4.05 * 1.2 INCH. Decorative detail with the BH brand embroidery.Designed by the BH team.95 gm.The accessory is made of \u201cMetallic\u201d finished cowhide from Bangladesh &amp; the exclusive \u201cShanton\u201d lining is made of nylon fabric sourced from China.BH logo embroidered on the front flap center, a flexible snap button for attaching front and inner flap.\" \/>\n<meta name=\"robots\" content=\"index, follow, max-snippet:-1, max-image-preview:large, max-video-preview:-1\" \/>\n<link rel=\"canonical\" href=\"https:\/\/bohygge.de\/de\/produkt\/bh-usp2-21\/\" \/>\n<meta property=\"og:locale\" content=\"de_DE\" \/>\n<meta property=\"og:type\" content=\"article\" \/>\n<meta property=\"og:title\" content=\"BH-USP2-21 - BO HYGGE\" \/>\n<meta property=\"og:description\" content=\"Product Descriptions: This beautiful unisex wallet with a practical inner layout will keep your essentials in perfect order. It comes in a moderate size, making it easy to stow away. It appears a fine folded outlook after use.Compartments: Note compartment, Card slots, Coin pocket, Slit compartment, Photo chamber.10 * 10.5 * 3 CM\/ 4 * 4.05 * 1.2 INCH. Decorative detail with the BH brand embroidery.Designed by the BH team.95 gm.The accessory is made of \u201cMetallic\u201d finished cowhide from Bangladesh &amp; the exclusive \u201cShanton\u201d lining is made of nylon fabric sourced from China.BH logo embroidered on the front flap center, a flexible snap button for attaching front and inner flap.\" \/>\n<meta property=\"og:url\" content=\"https:\/\/bohygge.de\/de\/produkt\/bh-usp2-21\/\" \/>\n<meta property=\"og:site_name\" content=\"BO HYGGE\" \/>\n<meta property=\"article:modified_time\" content=\"2025-02-10T23:59:06+00:00\" \/>\n<meta property=\"og:image\" content=\"https:\/\/bohygge.de\/wp-content\/uploads\/2022\/04\/Untitled-design-10.png\" \/>\n\t<meta property=\"og:image:width\" content=\"708\" \/>\n\t<meta property=\"og:image:height\" content=\"1063\" \/>\n\t<meta property=\"og:image:type\" content=\"image\/png\" \/>\n<meta name=\"twitter:card\" content=\"summary_large_image\" \/>\n<meta name=\"twitter:label1\" content=\"Gesch\u00e4tzte Lesezeit\" \/>\n\t<meta name=\"twitter:data1\" content=\"1\u00a0Minute\" \/>\n<script type=\"application\/ld+json\" class=\"yoast-schema-graph\">{\"@context\":\"https:\/\/schema.org\",\"@graph\":[{\"@type\":\"WebPage\",\"@id\":\"https:\/\/bohygge.de\/product\/bh-usp2-21\/\",\"url\":\"https:\/\/bohygge.de\/product\/bh-usp2-21\/\",\"name\":\"BH-USP2-21 - BO HYGGE\",\"isPartOf\":{\"@id\":\"https:\/\/bohygge.de\/#website\"},\"primaryImageOfPage\":{\"@id\":\"https:\/\/bohygge.de\/product\/bh-usp2-21\/#primaryimage\"},\"image\":{\"@id\":\"https:\/\/bohygge.de\/product\/bh-usp2-21\/#primaryimage\"},\"thumbnailUrl\":\"https:\/\/bohygge.de\/wp-content\/uploads\/2022\/04\/Untitled-design-10.png\",\"datePublished\":\"2022-04-01T10:33:15+00:00\",\"dateModified\":\"2025-02-10T23:59:06+00:00\",\"description\":\"Product Descriptions: This beautiful unisex wallet with a practical inner layout will keep your essentials in perfect order. It comes in a moderate size, making it easy to stow away. It appears a fine folded outlook after use.Compartments: Note compartment, Card slots, Coin pocket, Slit compartment, Photo chamber.10 * 10.5 * 3 CM\/ 4 * 4.05 * 1.2 INCH. Decorative detail with the BH brand embroidery.Designed by the BH team.95 gm.The accessory is made of \u201cMetallic\u201d finished cowhide from Bangladesh & the exclusive \u201cShanton\u201d lining is made of nylon fabric sourced from China.BH logo embroidered on the front flap center, a flexible snap button for attaching front and inner flap.\",\"breadcrumb\":{\"@id\":\"https:\/\/bohygge.de\/product\/bh-usp2-21\/#breadcrumb\"},\"inLanguage\":\"de\",\"potentialAction\":[{\"@type\":\"ReadAction\",\"target\":[\"https:\/\/bohygge.de\/product\/bh-usp2-21\/\"]}]},{\"@type\":\"ImageObject\",\"inLanguage\":\"de\",\"@id\":\"https:\/\/bohygge.de\/product\/bh-usp2-21\/#primaryimage\",\"url\":\"https:\/\/bohygge.de\/wp-content\/uploads\/2022\/04\/Untitled-design-10.png\",\"contentUrl\":\"https:\/\/bohygge.de\/wp-content\/uploads\/2022\/04\/Untitled-design-10.png\",\"width\":708,\"height\":1063},{\"@type\":\"BreadcrumbList\",\"@id\":\"https:\/\/bohygge.de\/product\/bh-usp2-21\/#breadcrumb\",\"itemListElement\":[{\"@type\":\"ListItem\",\"position\":1,\"name\":\"Home\",\"item\":\"https:\/\/bohygge.de\/\"},{\"@type\":\"ListItem\",\"position\":2,\"name\":\"Shop\",\"item\":\"https:\/\/bohygge.de\/shop\/\"},{\"@type\":\"ListItem\",\"position\":3,\"name\":\"BH-USP2-21\"}]},{\"@type\":\"WebSite\",\"@id\":\"https:\/\/bohygge.de\/#website\",\"url\":\"https:\/\/bohygge.de\/\",\"name\":\"BO HYGGE\",\"description\":\"Luxury Lifestyle Brand\",\"publisher\":{\"@id\":\"https:\/\/bohygge.de\/#organization\"},\"potentialAction\":[{\"@type\":\"SearchAction\",\"target\":{\"@type\":\"EntryPoint\",\"urlTemplate\":\"https:\/\/bohygge.de\/?s={search_term_string}\"},\"query-input\":{\"@type\":\"PropertyValueSpecification\",\"valueRequired\":true,\"valueName\":\"search_term_string\"}}],\"inLanguage\":\"de\"},{\"@type\":\"Organization\",\"@id\":\"https:\/\/bohygge.de\/#organization\",\"name\":\"BO HYGGE\",\"url\":\"https:\/\/bohygge.de\/\",\"logo\":{\"@type\":\"ImageObject\",\"inLanguage\":\"de\",\"@id\":\"https:\/\/bohygge.de\/#\/schema\/logo\/image\/\",\"url\":\"https:\/\/bohygge.de\/wp-content\/uploads\/2022\/02\/Asset-2@4x-8-1.png\",\"contentUrl\":\"https:\/\/bohygge.de\/wp-content\/uploads\/2022\/02\/Asset-2@4x-8-1.png\",\"width\":681,\"height\":681,\"caption\":\"BO HYGGE\"},\"image\":{\"@id\":\"https:\/\/bohygge.de\/#\/schema\/logo\/image\/\"}}]}<\/script>\n<!-- \/ Yoast SEO plugin. -->","yoast_head_json":{"title":"BH-USP2-21 - BO HYGGE","description":"Product Descriptions: This beautiful unisex wallet with a practical inner layout will keep your essentials in perfect order. It comes in a moderate size, making it easy to stow away. It appears a fine folded outlook after use.Compartments: Note compartment, Card slots, Coin pocket, Slit compartment, Photo chamber.10 * 10.5 * 3 CM\/ 4 * 4.05 * 1.2 INCH. Decorative detail with the BH brand embroidery.Designed by the BH team.95 gm.The accessory is made of \u201cMetallic\u201d finished cowhide from Bangladesh & the exclusive \u201cShanton\u201d lining is made of nylon fabric sourced from China.BH logo embroidered on the front flap center, a flexible snap button for attaching front and inner flap.","robots":{"index":"index","follow":"follow","max-snippet":"max-snippet:-1","max-image-preview":"max-image-preview:large","max-video-preview":"max-video-preview:-1"},"canonical":"https:\/\/bohygge.de\/de\/produkt\/bh-usp2-21\/","og_locale":"de_DE","og_type":"article","og_title":"BH-USP2-21 - BO HYGGE","og_description":"Product Descriptions: This beautiful unisex wallet with a practical inner layout will keep your essentials in perfect order. It comes in a moderate size, making it easy to stow away. It appears a fine folded outlook after use.Compartments: Note compartment, Card slots, Coin pocket, Slit compartment, Photo chamber.10 * 10.5 * 3 CM\/ 4 * 4.05 * 1.2 INCH. Decorative detail with the BH brand embroidery.Designed by the BH team.95 gm.The accessory is made of \u201cMetallic\u201d finished cowhide from Bangladesh & the exclusive \u201cShanton\u201d lining is made of nylon fabric sourced from China.BH logo embroidered on the front flap center, a flexible snap button for attaching front and inner flap.","og_url":"https:\/\/bohygge.de\/de\/produkt\/bh-usp2-21\/","og_site_name":"BO HYGGE","article_modified_time":"2025-02-10T23:59:06+00:00","og_image":[{"width":708,"height":1063,"url":"https:\/\/bohygge.de\/wp-content\/uploads\/2022\/04\/Untitled-design-10.png","type":"image\/png"}],"twitter_card":"summary_large_image","twitter_misc":{"Gesch\u00e4tzte Lesezeit":"1\u00a0Minute"},"schema":{"@context":"https:\/\/schema.org","@graph":[{"@type":"WebPage","@id":"https:\/\/bohygge.de\/product\/bh-usp2-21\/","url":"https:\/\/bohygge.de\/product\/bh-usp2-21\/","name":"BH-USP2-21 - BO HYGGE","isPartOf":{"@id":"https:\/\/bohygge.de\/#website"},"primaryImageOfPage":{"@id":"https:\/\/bohygge.de\/product\/bh-usp2-21\/#primaryimage"},"image":{"@id":"https:\/\/bohygge.de\/product\/bh-usp2-21\/#primaryimage"},"thumbnailUrl":"https:\/\/bohygge.de\/wp-content\/uploads\/2022\/04\/Untitled-design-10.png","datePublished":"2022-04-01T10:33:15+00:00","dateModified":"2025-02-10T23:59:06+00:00","description":"Product Descriptions: This beautiful unisex wallet with a practical inner layout will keep your essentials in perfect order. It comes in a moderate size, making it easy to stow away. It appears a fine folded outlook after use.Compartments: Note compartment, Card slots, Coin pocket, Slit compartment, Photo chamber.10 * 10.5 * 3 CM\/ 4 * 4.05 * 1.2 INCH. Decorative detail with the BH brand embroidery.Designed by the BH team.95 gm.The accessory is made of \u201cMetallic\u201d finished cowhide from Bangladesh & the exclusive \u201cShanton\u201d lining is made of nylon fabric sourced from China.BH logo embroidered on the front flap center, a flexible snap button for attaching front and inner flap.","breadcrumb":{"@id":"https:\/\/bohygge.de\/product\/bh-usp2-21\/#breadcrumb"},"inLanguage":"de","potentialAction":[{"@type":"ReadAction","target":["https:\/\/bohygge.de\/product\/bh-usp2-21\/"]}]},{"@type":"ImageObject","inLanguage":"de","@id":"https:\/\/bohygge.de\/product\/bh-usp2-21\/#primaryimage","url":"https:\/\/bohygge.de\/wp-content\/uploads\/2022\/04\/Untitled-design-10.png","contentUrl":"https:\/\/bohygge.de\/wp-content\/uploads\/2022\/04\/Untitled-design-10.png","width":708,"height":1063},{"@type":"BreadcrumbList","@id":"https:\/\/bohygge.de\/product\/bh-usp2-21\/#breadcrumb","itemListElement":[{"@type":"ListItem","position":1,"name":"Home","item":"https:\/\/bohygge.de\/"},{"@type":"ListItem","position":2,"name":"Shop","item":"https:\/\/bohygge.de\/shop\/"},{"@type":"ListItem","position":3,"name":"BH-USP2-21"}]},{"@type":"WebSite","@id":"https:\/\/bohygge.de\/#website","url":"https:\/\/bohygge.de\/","name":"BO HYGGE","description":"Luxury Lifestyle Brand","publisher":{"@id":"https:\/\/bohygge.de\/#organization"},"potentialAction":[{"@type":"SearchAction","target":{"@type":"EntryPoint","urlTemplate":"https:\/\/bohygge.de\/?s={search_term_string}"},"query-input":{"@type":"PropertyValueSpecification","valueRequired":true,"valueName":"search_term_string"}}],"inLanguage":"de"},{"@type":"Organization","@id":"https:\/\/bohygge.de\/#organization","name":"BO HYGGE","url":"https:\/\/bohygge.de\/","logo":{"@type":"ImageObject","inLanguage":"de","@id":"https:\/\/bohygge.de\/#\/schema\/logo\/image\/","url":"https:\/\/bohygge.de\/wp-content\/uploads\/2022\/02\/Asset-2@4x-8-1.png","contentUrl":"https:\/\/bohygge.de\/wp-content\/uploads\/2022\/02\/Asset-2@4x-8-1.png","width":681,"height":681,"caption":"BO HYGGE"},"image":{"@id":"https:\/\/bohygge.de\/#\/schema\/logo\/image\/"}}]}},"_links":{"self":[{"href":"https:\/\/bohygge.de\/de\/wp-json\/wp\/v2\/product\/3012","targetHints":{"allow":["GET"]}}],"collection":[{"href":"https:\/\/bohygge.de\/de\/wp-json\/wp\/v2\/product"}],"about":[{"href":"https:\/\/bohygge.de\/de\/wp-json\/wp\/v2\/types\/product"}],"replies":[{"embeddable":true,"href":"https:\/\/bohygge.de\/de\/wp-json\/wp\/v2\/comments?post=3012"}],"wp:featuredmedia":[{"embeddable":true,"href":"https:\/\/bohygge.de\/de\/wp-json\/wp\/v2\/media\/3077"}],"wp:attachment":[{"href":"https:\/\/bohygge.de\/de\/wp-json\/wp\/v2\/media?parent=3012"}],"wp:term":[{"taxonomy":"product_brand","embeddable":true,"href":"https:\/\/bohygge.de\/de\/wp-json\/wp\/v2\/product_brand?post=3012"},{"taxonomy":"product_cat","embeddable":true,"href":"https:\/\/bohygge.de\/de\/wp-json\/wp\/v2\/product_cat?post=3012"},{"taxonomy":"product_tag","embeddable":true,"href":"https:\/\/bohygge.de\/de\/wp-json\/wp\/v2\/product_tag?post=3012"}],"curies":[{"name":"wp","href":"https:\/\/api.w.org\/{rel}","templated":true}]}}