{"id":2840,"date":"2022-03-26T22:03:23","date_gmt":"2022-03-26T22:03:23","guid":{"rendered":"https:\/\/bohygge.de\/?post_type=product&#038;p=2840"},"modified":"2022-03-27T07:14:30","modified_gmt":"2022-03-27T07:14:30","slug":"bh-wmts-21-pink","status":"publish","type":"product","link":"https:\/\/bohygge.de\/de\/produkt\/bh-wmts-21-pink\/","title":{"rendered":"BH-WMTS-21 Pink"},"content":{"rendered":"<p><b>Fabrikation &amp; Sonstiges<\/b><\/p>\n<ul>\n<li style=\"font-weight: 400\"><span style=\"font-weight: 400\">Unifarben sind aus 80% Baumwolle, 20% Polyester gefertigt. M. Grey besteht aus 71% Baumwolle, 20% Polyester und 9% Aryon. Sherpa wird aus 100% Polyester hergestellt.\u00a0<\/span><\/li>\n<li style=\"font-weight: 400\"><span style=\"font-weight: 400\">Heavyweight 10.3 oz. (~350 gsm.) cotton-polyester fleece &amp; Sherpa is 6.4 oz (220 gsm.) overall.<\/span><\/li>\n<li style=\"font-weight: 400\"><span style=\"font-weight: 400\">Hoodie is designed with ribbed cuffs and hem. <\/span><span style=\"font-weight: 400\">Der Unterarmbereich ist mit geschnittenem und ges\u00e4gtem 2\/1-Elasthan-Ripp verziert. <\/span><span style=\"font-weight: 400\">Die Jogginghose ist mit einem elastischen, gerippten Bund mit Kordelzug und B\u00e4ndern versehen. <\/span><span style=\"font-weight: 400\">elastic ribbed waistband with drawstring and ties.<\/span><\/li>\n<li style=\"font-weight: 400\"><span style=\"font-weight: 400\">Ethische Beschaffung gem\u00e4\u00df den World Responsible Apparel Practices Standards.<\/span><\/li>\n<li style=\"font-weight: 400\"><span style=\"font-weight: 400\">Verantwortungsvoll hergestellt in Bangladesch.<\/span><\/li>\n<\/ul>\n<p><b>Pflegehinweise:<\/b><b>\u00a0\u00a0\u00a0\u00a0\u00a0\u00a0\u00a0\u00a0\u00a0\u00a0<\/b><\/p>\n<ul>\n<li style=\"font-weight: 400\"><span style=\"font-weight: 400\">40\u00b0 MILDE FEINW\u00c4SCHE<\/span><\/li>\n<li style=\"font-weight: 400\"><span style=\"font-weight: 400\">NICHT BLEICHEN<\/span><\/li>\n<li style=\"font-weight: 400\"><span style=\"font-weight: 400\">NICHT B\u00dcGELN<\/span><\/li>\n<li style=\"font-weight: 400\"><span style=\"font-weight: 400\">NICHT CHEMISCH REINIGEN<\/span><\/li>\n<li style=\"font-weight: 400\"><span style=\"font-weight: 400\">NICHT IM TROCKNER TROCKNEN<\/span><\/li>\n<\/ul>\n<p><a href=\"https:\/\/bohygge.de\/wp-content\/uploads\/2022\/03\/sccc.jpg\"><img fetchpriority=\"high\" decoding=\"async\" class=\"alignnone size-medium wp-image-2827\" src=\"https:\/\/bohygge.de\/wp-content\/uploads\/2022\/03\/sccc-762x400.jpg\" alt=\"\" width=\"762\" height=\"400\" srcset=\"https:\/\/bohygge.de\/wp-content\/uploads\/2022\/03\/sccc-762x400.jpg 762w, https:\/\/bohygge.de\/wp-content\/uploads\/2022\/03\/sccc-768x403.jpg 768w, https:\/\/bohygge.de\/wp-content\/uploads\/2022\/03\/sccc-18x9.jpg 18w, https:\/\/bohygge.de\/wp-content\/uploads\/2022\/03\/sccc.jpg 819w\" sizes=\"(max-width: 762px) 100vw, 762px\" \/><\/a><a href=\"https:\/\/bohygge.de\/wp-content\/uploads\/2022\/03\/ccciii.jpg\"><img decoding=\"async\" class=\"alignnone size-medium wp-image-2826 lazyload\" data-src=\"https:\/\/bohygge.de\/wp-content\/uploads\/2022\/03\/ccciii-800x375.jpg\" alt=\"\" width=\"800\" height=\"375\" data-srcset=\"https:\/\/bohygge.de\/wp-content\/uploads\/2022\/03\/ccciii-800x375.jpg 800w, https:\/\/bohygge.de\/wp-content\/uploads\/2022\/03\/ccciii-768x360.jpg 768w, https:\/\/bohygge.de\/wp-content\/uploads\/2022\/03\/ccciii-18x8.jpg 18w, https:\/\/bohygge.de\/wp-content\/uploads\/2022\/03\/ccciii.jpg 823w\" data-sizes=\"(max-width: 800px) 100vw, 800px\" src=\"data:image\/gif;base64,R0lGODlhAQABAAAAACH5BAEKAAEALAAAAAABAAEAAAICTAEAOw==\" style=\"--smush-placeholder-width: 800px; --smush-placeholder-aspect-ratio: 800\/375;\" \/><\/a><\/p>","protected":false},"excerpt":{"rendered":"<p><span style=\"font-weight: 400\">Die TS\/Track Suit Serie ist das allererste Design von BO HYGGE. Ein multifunktionales Bekleidungsset <\/span><i><span style=\"font-weight: 400\">(Hoodie &amp; Joggers)<\/span><\/i><span style=\"font-weight: 400\"> die alles hat, was man braucht, um sich darin wohl zu f\u00fchlen: morgens auf dem Weg zum Joggen, tags\u00fcber am Schreibtisch und nat\u00fcrlich abends auf der Couch, im Club, im Caf\u00e9.  \"Hoddie\" besteht aus Terry Fleece und ist innen mit \"SHERPA\" gef\u00fcttert, was super weich und flauschig ist, gleichzeitig ist die Qualit\u00e4t wunderbar warm, angenehm leicht und nat\u00fcrlich atmungsaktiv. Au\u00dferdem ist der Jogger aus Terry-Fleece-Stoff gefertigt und die Innenseite ist geb\u00fcrstet. Hochwertig verarbeitet mit einem elastischen Rippenbund mit Kordelzug und Bindeb\u00e4ndern, bequemen Seitentaschen, einer Tasche auf dem R\u00fccken und der gewohnt lockeren Beinweite.\u00a0<\/span><\/p>","protected":false},"featured_media":2845,"comment_status":"open","ping_status":"closed","template":"","meta":[],"product_brand":[],"product_cat":[15,196,324],"product_tag":[],"class_list":{"0":"post-2840","1":"product","2":"type-product","3":"status-publish","4":"has-post-thumbnail","6":"product_cat-women","7":"product_cat-women-clothing","8":"product_cat-track-suit","9":"pa_size-l","10":"pa_size-m","11":"pa_size-size-s","12":"pa_size-size-xl","14":"first","15":"instock","16":"sale","17":"taxable","18":"shipping-taxable","19":"purchasable","20":"product-type-variable"},"yoast_head":"<!-- This site is optimized with the Yoast SEO plugin v25.1 - https:\/\/yoast.com\/wordpress\/plugins\/seo\/ -->\n<title>BH-WMTS-21 Pink - BO HYGGE<\/title>\n<meta name=\"description\" content=\"TS\/Track Suit Series is the very first design of BO HYGGE. A multi-functional clothing set (Hoodie &amp; Joggers) that has everything you need to feel confident in it: in the morning on the way to the jogging, during the day at your desk, and of course in the evening on the couch, club, coffee shop. \u201cHoddie\u201d is fabricated by Terry Fleece fabric &amp; on the inside, it\u2019s interlined with \u2018SHERPA\u201d which is super soft and fluffy, at the same time the quality is wonderfully warm, pleasantly light, and naturally breathable. Besides, Joggers is fabricated by Terry fleece fabric and the inside is brushed. High-quality workmanship with an elastic ribbed waistband with drawstring and ties, comfortable side pockets, one pocket on the back, and the usually relaxed leg width.\" \/>\n<meta name=\"robots\" content=\"index, follow, max-snippet:-1, max-image-preview:large, max-video-preview:-1\" \/>\n<link rel=\"canonical\" href=\"https:\/\/bohygge.de\/de\/produkt\/bh-wmts-21-pink\/\" \/>\n<meta property=\"og:locale\" content=\"de_DE\" \/>\n<meta property=\"og:type\" content=\"article\" \/>\n<meta property=\"og:title\" content=\"BH-WMTS-21 Pink - BO HYGGE\" \/>\n<meta property=\"og:description\" content=\"TS\/Track Suit Series is the very first design of BO HYGGE. A multi-functional clothing set (Hoodie &amp; Joggers) that has everything you need to feel confident in it: in the morning on the way to the jogging, during the day at your desk, and of course in the evening on the couch, club, coffee shop. \u201cHoddie\u201d is fabricated by Terry Fleece fabric &amp; on the inside, it\u2019s interlined with \u2018SHERPA\u201d which is super soft and fluffy, at the same time the quality is wonderfully warm, pleasantly light, and naturally breathable. Besides, Joggers is fabricated by Terry fleece fabric and the inside is brushed. High-quality workmanship with an elastic ribbed waistband with drawstring and ties, comfortable side pockets, one pocket on the back, and the usually relaxed leg width.\" \/>\n<meta property=\"og:url\" content=\"https:\/\/bohygge.de\/de\/produkt\/bh-wmts-21-pink\/\" \/>\n<meta property=\"og:site_name\" content=\"BO HYGGE\" \/>\n<meta property=\"article:modified_time\" content=\"2022-03-27T07:14:30+00:00\" \/>\n<meta property=\"og:image\" content=\"https:\/\/bohygge.de\/wp-content\/uploads\/2022\/03\/DSCF6601-scaled.jpg\" \/>\n\t<meta property=\"og:image:width\" content=\"1707\" \/>\n\t<meta property=\"og:image:height\" content=\"2560\" \/>\n\t<meta property=\"og:image:type\" content=\"image\/jpeg\" \/>\n<meta name=\"twitter:card\" content=\"summary_large_image\" \/>\n<meta name=\"twitter:label1\" content=\"Gesch\u00e4tzte Lesezeit\" \/>\n\t<meta name=\"twitter:data1\" content=\"1\u00a0Minute\" \/>\n<script type=\"application\/ld+json\" class=\"yoast-schema-graph\">{\"@context\":\"https:\/\/schema.org\",\"@graph\":[{\"@type\":\"WebPage\",\"@id\":\"https:\/\/bohygge.de\/de\/produkt\/bh-wmts-21-pink\/\",\"url\":\"https:\/\/bohygge.de\/de\/produkt\/bh-wmts-21-pink\/\",\"name\":\"BH-WMTS-21 Pink - BO HYGGE\",\"isPartOf\":{\"@id\":\"https:\/\/bohygge.de\/#website\"},\"primaryImageOfPage\":{\"@id\":\"https:\/\/bohygge.de\/de\/produkt\/bh-wmts-21-pink\/#primaryimage\"},\"image\":{\"@id\":\"https:\/\/bohygge.de\/de\/produkt\/bh-wmts-21-pink\/#primaryimage\"},\"thumbnailUrl\":\"https:\/\/bohygge.de\/wp-content\/uploads\/2022\/03\/DSCF6601-scaled.jpg\",\"datePublished\":\"2022-03-26T22:03:23+00:00\",\"dateModified\":\"2022-03-27T07:14:30+00:00\",\"description\":\"TS\/Track Suit Series is the very first design of BO HYGGE. A multi-functional clothing set (Hoodie & Joggers) that has everything you need to feel confident in it: in the morning on the way to the jogging, during the day at your desk, and of course in the evening on the couch, club, coffee shop. \u201cHoddie\u201d is fabricated by Terry Fleece fabric & on the inside, it\u2019s interlined with \u2018SHERPA\u201d which is super soft and fluffy, at the same time the quality is wonderfully warm, pleasantly light, and naturally breathable. Besides, Joggers is fabricated by Terry fleece fabric and the inside is brushed. High-quality workmanship with an elastic ribbed waistband with drawstring and ties, comfortable side pockets, one pocket on the back, and the usually relaxed leg width.\",\"breadcrumb\":{\"@id\":\"https:\/\/bohygge.de\/de\/produkt\/bh-wmts-21-pink\/#breadcrumb\"},\"inLanguage\":\"de\",\"potentialAction\":[{\"@type\":\"ReadAction\",\"target\":[\"https:\/\/bohygge.de\/de\/produkt\/bh-wmts-21-pink\/\"]}]},{\"@type\":\"ImageObject\",\"inLanguage\":\"de\",\"@id\":\"https:\/\/bohygge.de\/de\/produkt\/bh-wmts-21-pink\/#primaryimage\",\"url\":\"https:\/\/bohygge.de\/wp-content\/uploads\/2022\/03\/DSCF6601-scaled.jpg\",\"contentUrl\":\"https:\/\/bohygge.de\/wp-content\/uploads\/2022\/03\/DSCF6601-scaled.jpg\",\"width\":1707,\"height\":2560},{\"@type\":\"BreadcrumbList\",\"@id\":\"https:\/\/bohygge.de\/de\/produkt\/bh-wmts-21-pink\/#breadcrumb\",\"itemListElement\":[{\"@type\":\"ListItem\",\"position\":1,\"name\":\"Home\",\"item\":\"https:\/\/bohygge.de\/\"},{\"@type\":\"ListItem\",\"position\":2,\"name\":\"Shop\",\"item\":\"https:\/\/bohygge.de\/shop\/\"},{\"@type\":\"ListItem\",\"position\":3,\"name\":\"BH-WMTS-21 Pink\"}]},{\"@type\":\"WebSite\",\"@id\":\"https:\/\/bohygge.de\/#website\",\"url\":\"https:\/\/bohygge.de\/\",\"name\":\"BO HYGGE\",\"description\":\"Luxury Lifestyle Brand\",\"publisher\":{\"@id\":\"https:\/\/bohygge.de\/#organization\"},\"potentialAction\":[{\"@type\":\"SearchAction\",\"target\":{\"@type\":\"EntryPoint\",\"urlTemplate\":\"https:\/\/bohygge.de\/?s={search_term_string}\"},\"query-input\":{\"@type\":\"PropertyValueSpecification\",\"valueRequired\":true,\"valueName\":\"search_term_string\"}}],\"inLanguage\":\"de\"},{\"@type\":\"Organization\",\"@id\":\"https:\/\/bohygge.de\/#organization\",\"name\":\"BO HYGGE\",\"url\":\"https:\/\/bohygge.de\/\",\"logo\":{\"@type\":\"ImageObject\",\"inLanguage\":\"de\",\"@id\":\"https:\/\/bohygge.de\/#\/schema\/logo\/image\/\",\"url\":\"https:\/\/bohygge.de\/wp-content\/uploads\/2022\/02\/Asset-2@4x-8-1.png\",\"contentUrl\":\"https:\/\/bohygge.de\/wp-content\/uploads\/2022\/02\/Asset-2@4x-8-1.png\",\"width\":681,\"height\":681,\"caption\":\"BO HYGGE\"},\"image\":{\"@id\":\"https:\/\/bohygge.de\/#\/schema\/logo\/image\/\"}}]}<\/script>\n<!-- \/ Yoast SEO plugin. -->","yoast_head_json":{"title":"BH-WMTS-21 Pink - BO HYGGE","description":"TS\/Track Suit Series is the very first design of BO HYGGE. A multi-functional clothing set (Hoodie & Joggers) that has everything you need to feel confident in it: in the morning on the way to the jogging, during the day at your desk, and of course in the evening on the couch, club, coffee shop. \u201cHoddie\u201d is fabricated by Terry Fleece fabric & on the inside, it\u2019s interlined with \u2018SHERPA\u201d which is super soft and fluffy, at the same time the quality is wonderfully warm, pleasantly light, and naturally breathable. Besides, Joggers is fabricated by Terry fleece fabric and the inside is brushed. High-quality workmanship with an elastic ribbed waistband with drawstring and ties, comfortable side pockets, one pocket on the back, and the usually relaxed leg width.","robots":{"index":"index","follow":"follow","max-snippet":"max-snippet:-1","max-image-preview":"max-image-preview:large","max-video-preview":"max-video-preview:-1"},"canonical":"https:\/\/bohygge.de\/de\/produkt\/bh-wmts-21-pink\/","og_locale":"de_DE","og_type":"article","og_title":"BH-WMTS-21 Pink - BO HYGGE","og_description":"TS\/Track Suit Series is the very first design of BO HYGGE. A multi-functional clothing set (Hoodie & Joggers) that has everything you need to feel confident in it: in the morning on the way to the jogging, during the day at your desk, and of course in the evening on the couch, club, coffee shop. \u201cHoddie\u201d is fabricated by Terry Fleece fabric & on the inside, it\u2019s interlined with \u2018SHERPA\u201d which is super soft and fluffy, at the same time the quality is wonderfully warm, pleasantly light, and naturally breathable. Besides, Joggers is fabricated by Terry fleece fabric and the inside is brushed. High-quality workmanship with an elastic ribbed waistband with drawstring and ties, comfortable side pockets, one pocket on the back, and the usually relaxed leg width.","og_url":"https:\/\/bohygge.de\/de\/produkt\/bh-wmts-21-pink\/","og_site_name":"BO HYGGE","article_modified_time":"2022-03-27T07:14:30+00:00","og_image":[{"width":1707,"height":2560,"url":"https:\/\/bohygge.de\/wp-content\/uploads\/2022\/03\/DSCF6601-scaled.jpg","type":"image\/jpeg"}],"twitter_card":"summary_large_image","twitter_misc":{"Gesch\u00e4tzte Lesezeit":"1\u00a0Minute"},"schema":{"@context":"https:\/\/schema.org","@graph":[{"@type":"WebPage","@id":"https:\/\/bohygge.de\/de\/produkt\/bh-wmts-21-pink\/","url":"https:\/\/bohygge.de\/de\/produkt\/bh-wmts-21-pink\/","name":"BH-WMTS-21 Pink - BO HYGGE","isPartOf":{"@id":"https:\/\/bohygge.de\/#website"},"primaryImageOfPage":{"@id":"https:\/\/bohygge.de\/de\/produkt\/bh-wmts-21-pink\/#primaryimage"},"image":{"@id":"https:\/\/bohygge.de\/de\/produkt\/bh-wmts-21-pink\/#primaryimage"},"thumbnailUrl":"https:\/\/bohygge.de\/wp-content\/uploads\/2022\/03\/DSCF6601-scaled.jpg","datePublished":"2022-03-26T22:03:23+00:00","dateModified":"2022-03-27T07:14:30+00:00","description":"TS\/Track Suit Series is the very first design of BO HYGGE. A multi-functional clothing set (Hoodie & Joggers) that has everything you need to feel confident in it: in the morning on the way to the jogging, during the day at your desk, and of course in the evening on the couch, club, coffee shop. \u201cHoddie\u201d is fabricated by Terry Fleece fabric & on the inside, it\u2019s interlined with \u2018SHERPA\u201d which is super soft and fluffy, at the same time the quality is wonderfully warm, pleasantly light, and naturally breathable. Besides, Joggers is fabricated by Terry fleece fabric and the inside is brushed. High-quality workmanship with an elastic ribbed waistband with drawstring and ties, comfortable side pockets, one pocket on the back, and the usually relaxed leg width.","breadcrumb":{"@id":"https:\/\/bohygge.de\/de\/produkt\/bh-wmts-21-pink\/#breadcrumb"},"inLanguage":"de","potentialAction":[{"@type":"ReadAction","target":["https:\/\/bohygge.de\/de\/produkt\/bh-wmts-21-pink\/"]}]},{"@type":"ImageObject","inLanguage":"de","@id":"https:\/\/bohygge.de\/de\/produkt\/bh-wmts-21-pink\/#primaryimage","url":"https:\/\/bohygge.de\/wp-content\/uploads\/2022\/03\/DSCF6601-scaled.jpg","contentUrl":"https:\/\/bohygge.de\/wp-content\/uploads\/2022\/03\/DSCF6601-scaled.jpg","width":1707,"height":2560},{"@type":"BreadcrumbList","@id":"https:\/\/bohygge.de\/de\/produkt\/bh-wmts-21-pink\/#breadcrumb","itemListElement":[{"@type":"ListItem","position":1,"name":"Home","item":"https:\/\/bohygge.de\/"},{"@type":"ListItem","position":2,"name":"Shop","item":"https:\/\/bohygge.de\/shop\/"},{"@type":"ListItem","position":3,"name":"BH-WMTS-21 Pink"}]},{"@type":"WebSite","@id":"https:\/\/bohygge.de\/#website","url":"https:\/\/bohygge.de\/","name":"BO HYGGE","description":"Luxury Lifestyle Brand","publisher":{"@id":"https:\/\/bohygge.de\/#organization"},"potentialAction":[{"@type":"SearchAction","target":{"@type":"EntryPoint","urlTemplate":"https:\/\/bohygge.de\/?s={search_term_string}"},"query-input":{"@type":"PropertyValueSpecification","valueRequired":true,"valueName":"search_term_string"}}],"inLanguage":"de"},{"@type":"Organization","@id":"https:\/\/bohygge.de\/#organization","name":"BO HYGGE","url":"https:\/\/bohygge.de\/","logo":{"@type":"ImageObject","inLanguage":"de","@id":"https:\/\/bohygge.de\/#\/schema\/logo\/image\/","url":"https:\/\/bohygge.de\/wp-content\/uploads\/2022\/02\/Asset-2@4x-8-1.png","contentUrl":"https:\/\/bohygge.de\/wp-content\/uploads\/2022\/02\/Asset-2@4x-8-1.png","width":681,"height":681,"caption":"BO HYGGE"},"image":{"@id":"https:\/\/bohygge.de\/#\/schema\/logo\/image\/"}}]}},"_links":{"self":[{"href":"https:\/\/bohygge.de\/de\/wp-json\/wp\/v2\/product\/2840","targetHints":{"allow":["GET"]}}],"collection":[{"href":"https:\/\/bohygge.de\/de\/wp-json\/wp\/v2\/product"}],"about":[{"href":"https:\/\/bohygge.de\/de\/wp-json\/wp\/v2\/types\/product"}],"replies":[{"embeddable":true,"href":"https:\/\/bohygge.de\/de\/wp-json\/wp\/v2\/comments?post=2840"}],"wp:featuredmedia":[{"embeddable":true,"href":"https:\/\/bohygge.de\/de\/wp-json\/wp\/v2\/media\/2845"}],"wp:attachment":[{"href":"https:\/\/bohygge.de\/de\/wp-json\/wp\/v2\/media?parent=2840"}],"wp:term":[{"taxonomy":"product_brand","embeddable":true,"href":"https:\/\/bohygge.de\/de\/wp-json\/wp\/v2\/product_brand?post=2840"},{"taxonomy":"product_cat","embeddable":true,"href":"https:\/\/bohygge.de\/de\/wp-json\/wp\/v2\/product_cat?post=2840"},{"taxonomy":"product_tag","embeddable":true,"href":"https:\/\/bohygge.de\/de\/wp-json\/wp\/v2\/product_tag?post=2840"}],"curies":[{"name":"wp","href":"https:\/\/api.w.org\/{rel}","templated":true}]}}