{"id":1114,"date":"2022-03-20T12:19:57","date_gmt":"2022-03-20T12:19:57","guid":{"rendered":"https:\/\/bohygge.de\/?post_type=product&#038;p=1114"},"modified":"2022-03-27T07:34:10","modified_gmt":"2022-03-27T07:34:10","slug":"bh-mts-21-m-grey","status":"publish","type":"product","link":"https:\/\/bohygge.de\/de\/produkt\/bh-mts-21-m-grey\/","title":{"rendered":"BH-MTS-21 M.Grey"},"content":{"rendered":"<p><strong>Fabrikation &amp; Sonstiges<\/strong><\/p>\n<ul>\n<li>Unifarben sind aus 80% Baumwolle, 20% Polyester gefertigt. M. Grey besteht aus 71% Baumwolle, 20% Polyester und 9% Aryon. Sherpa wird aus 100% Polyester hergestellt.<\/li>\n<li>Schweres 2,92 kg (~350 gsm) Baumwoll-Polyester-Fleece &amp; Sherpa ist 1,81 kg (220 g\/qm) insgesamt.<\/li>\n<li>Hoodie mit gerippten B\u00fcndchen und Saum. Der Unterarmbereich ist mit geschnittenem und ges\u00e4gtem 2\/1-Elasthan-Ripp verziert. Die Jogginghose ist mit einem elastischen, gerippten Bund mit Kordelzug und B\u00e4ndern versehen.<\/li>\n<li>Ethische Beschaffung gem\u00e4\u00df den World Responsible Apparel Practices Standards.<\/li>\n<li>Verantwortungsvoll hergestellt in Bangladesch.<\/li>\n<\/ul>\n<p><strong>Pflegehinweise:<\/strong><strong>\u00a0 \u00a0<\/strong><\/p>\n<ul>\n<li>40\u00b0 MILDE FEINW\u00c4SCHE<\/li>\n<li>NICHT BLEICHEN<\/li>\n<li>NICHT B\u00dcGELN<\/li>\n<li>NICHT CHEMISCH REINIGEN<\/li>\n<li>NICHT IM TROCKNER TROCKNEN<\/li>\n<\/ul>\n<p>&nbsp;<\/p>\n<p>&nbsp;<\/p>","protected":false},"excerpt":{"rendered":"<p>Die TS\/Track Suit Serie ist das allererste Design von BO HYGGE. Ein multifunktionales Bekleidungsset <em>(Hoodie &amp; Joggers)<\/em> das alles hat, was man braucht, um sich darin wohl zu f\u00fchlen: morgens auf dem Weg zum Joggen, tags\u00fcber am Schreibtisch und nat\u00fcrlich abends auf der Couch, im Club, im Caf\u00e9.  \"Hoddie\" ist aus Terry Fleece gefertigt, &amp; auf der Innenseite ist er mit \"SHERPA\" gef\u00fcttert, welches super weich und flauschig ist, gleichzeitig ist die Qualit\u00e4t herrlich warm, angenehm leicht und nat\u00fcrlich atmungsaktiv. Au\u00dferdem ist der Jogger aus Terry-Fleece-Stoff gefertigt und die Innenseite ist geb\u00fcrstet. Hochwertig verarbeitet mit einem elastischen Rippenbund mit Kordelzug und Bindeb\u00e4ndern, bequemen Seitentaschen, einer Tasche auf dem R\u00fccken und der gewohnt lockeren Beinweite.<\/p>","protected":false},"featured_media":1115,"comment_status":"open","ping_status":"closed","template":"","meta":[],"product_brand":[],"product_cat":[97,99],"product_tag":[],"class_list":{"0":"post-1114","1":"product","2":"type-product","3":"status-publish","4":"has-post-thumbnail","6":"product_cat-men","7":"product_cat-track-suit-men","8":"product_shipping_class-dhl","9":"pa_size-l","10":"pa_size-m","11":"pa_size-size-xl","12":"pa_size-size-2xl","14":"first","15":"instock","16":"sale","17":"taxable","18":"shipping-taxable","19":"purchasable","20":"product-type-variable"},"yoast_head":"<!-- This site is optimized with the Yoast SEO plugin v25.1 - https:\/\/yoast.com\/wordpress\/plugins\/seo\/ -->\n<title>BH-MTS-21 M.Grey - BO HYGGE LUXURY LIFESTYLE BRAND, Frankfurt, Germany. Hoodie &amp; Joggers set for casual, sports, hanging out activities.<\/title>\n<meta name=\"description\" content=\"A multi-functional trendy clothing set (Hoodie &amp; Joggers) that has everything you need to feel confident in it: in the morning on the way to the jogging, during the day at your office deskor home meeting, and of course in the evening on the couch, club, coffee shop.\" \/>\n<meta name=\"robots\" content=\"index, follow, max-snippet:-1, max-image-preview:large, max-video-preview:-1\" \/>\n<link rel=\"canonical\" href=\"https:\/\/bohygge.de\/de\/produkt\/bh-mts-21-m-grey\/\" \/>\n<meta property=\"og:locale\" content=\"de_DE\" \/>\n<meta property=\"og:type\" content=\"article\" \/>\n<meta property=\"og:title\" content=\"BH-MTS-21 M.Grey - BO HYGGE LUXURY LIFESTYLE BRAND, Frankfurt, Germany. Hoodie &amp; Joggers set for casual, sports, hanging out activities.\" \/>\n<meta property=\"og:description\" content=\"A multi-functional trendy clothing set (Hoodie &amp; Joggers) that has everything you need to feel confident in it: in the morning on the way to the jogging, during the day at your office deskor home meeting, and of course in the evening on the couch, club, coffee shop.\" \/>\n<meta property=\"og:url\" content=\"https:\/\/bohygge.de\/de\/produkt\/bh-mts-21-m-grey\/\" \/>\n<meta property=\"og:site_name\" content=\"BO HYGGE\" \/>\n<meta property=\"article:modified_time\" content=\"2022-03-27T07:34:10+00:00\" \/>\n<meta property=\"og:image\" content=\"https:\/\/bohygge.de\/wp-content\/uploads\/2022\/03\/DSCF6501-scaled.jpg\" \/>\n\t<meta property=\"og:image:width\" content=\"1707\" \/>\n\t<meta property=\"og:image:height\" content=\"2560\" \/>\n\t<meta property=\"og:image:type\" content=\"image\/jpeg\" \/>\n<meta name=\"twitter:card\" content=\"summary_large_image\" \/>\n<meta name=\"twitter:label1\" content=\"Gesch\u00e4tzte Lesezeit\" \/>\n\t<meta name=\"twitter:data1\" content=\"1\u00a0Minute\" \/>\n<script type=\"application\/ld+json\" class=\"yoast-schema-graph\">{\"@context\":\"https:\/\/schema.org\",\"@graph\":[{\"@type\":\"WebPage\",\"@id\":\"https:\/\/bohygge.de\/de\/produkt\/bh-mts-21-m-grey\/\",\"url\":\"https:\/\/bohygge.de\/de\/produkt\/bh-mts-21-m-grey\/\",\"name\":\"BH-MTS-21 M.Grey - BO HYGGE LUXURY LIFESTYLE BRAND, Frankfurt, Germany. Hoodie & Joggers set for casual, sports, hanging out activities.\",\"isPartOf\":{\"@id\":\"https:\/\/bohygge.de\/#website\"},\"primaryImageOfPage\":{\"@id\":\"https:\/\/bohygge.de\/de\/produkt\/bh-mts-21-m-grey\/#primaryimage\"},\"image\":{\"@id\":\"https:\/\/bohygge.de\/de\/produkt\/bh-mts-21-m-grey\/#primaryimage\"},\"thumbnailUrl\":\"https:\/\/bohygge.de\/wp-content\/uploads\/2022\/03\/DSCF6501-scaled.jpg\",\"datePublished\":\"2022-03-20T12:19:57+00:00\",\"dateModified\":\"2022-03-27T07:34:10+00:00\",\"description\":\"A multi-functional trendy clothing set (Hoodie & Joggers) that has everything you need to feel confident in it: in the morning on the way to the jogging, during the day at your office deskor home meeting, and of course in the evening on the couch, club, coffee shop.\",\"breadcrumb\":{\"@id\":\"https:\/\/bohygge.de\/de\/produkt\/bh-mts-21-m-grey\/#breadcrumb\"},\"inLanguage\":\"de\",\"potentialAction\":[{\"@type\":\"ReadAction\",\"target\":[\"https:\/\/bohygge.de\/de\/produkt\/bh-mts-21-m-grey\/\"]}]},{\"@type\":\"ImageObject\",\"inLanguage\":\"de\",\"@id\":\"https:\/\/bohygge.de\/de\/produkt\/bh-mts-21-m-grey\/#primaryimage\",\"url\":\"https:\/\/bohygge.de\/wp-content\/uploads\/2022\/03\/DSCF6501-scaled.jpg\",\"contentUrl\":\"https:\/\/bohygge.de\/wp-content\/uploads\/2022\/03\/DSCF6501-scaled.jpg\",\"width\":1707,\"height\":2560},{\"@type\":\"BreadcrumbList\",\"@id\":\"https:\/\/bohygge.de\/de\/produkt\/bh-mts-21-m-grey\/#breadcrumb\",\"itemListElement\":[{\"@type\":\"ListItem\",\"position\":1,\"name\":\"Home\",\"item\":\"https:\/\/bohygge.de\/\"},{\"@type\":\"ListItem\",\"position\":2,\"name\":\"Shop\",\"item\":\"https:\/\/bohygge.de\/shop\/\"},{\"@type\":\"ListItem\",\"position\":3,\"name\":\"BH-MTS-21 M.Grey\"}]},{\"@type\":\"WebSite\",\"@id\":\"https:\/\/bohygge.de\/#website\",\"url\":\"https:\/\/bohygge.de\/\",\"name\":\"BO HYGGE\",\"description\":\"Luxury Lifestyle Brand\",\"publisher\":{\"@id\":\"https:\/\/bohygge.de\/#organization\"},\"potentialAction\":[{\"@type\":\"SearchAction\",\"target\":{\"@type\":\"EntryPoint\",\"urlTemplate\":\"https:\/\/bohygge.de\/?s={search_term_string}\"},\"query-input\":{\"@type\":\"PropertyValueSpecification\",\"valueRequired\":true,\"valueName\":\"search_term_string\"}}],\"inLanguage\":\"de\"},{\"@type\":\"Organization\",\"@id\":\"https:\/\/bohygge.de\/#organization\",\"name\":\"BO HYGGE\",\"url\":\"https:\/\/bohygge.de\/\",\"logo\":{\"@type\":\"ImageObject\",\"inLanguage\":\"de\",\"@id\":\"https:\/\/bohygge.de\/#\/schema\/logo\/image\/\",\"url\":\"https:\/\/bohygge.de\/wp-content\/uploads\/2022\/02\/Asset-2@4x-8-1.png\",\"contentUrl\":\"https:\/\/bohygge.de\/wp-content\/uploads\/2022\/02\/Asset-2@4x-8-1.png\",\"width\":681,\"height\":681,\"caption\":\"BO HYGGE\"},\"image\":{\"@id\":\"https:\/\/bohygge.de\/#\/schema\/logo\/image\/\"}}]}<\/script>\n<!-- \/ Yoast SEO plugin. -->","yoast_head_json":{"title":"BH-MTS-21 M.Grey - BO HYGGE LUXURY LIFESTYLE BRAND, Frankfurt, Germany. Hoodie & Joggers set for casual, sports, hanging out activities.","description":"A multi-functional trendy clothing set (Hoodie & Joggers) that has everything you need to feel confident in it: in the morning on the way to the jogging, during the day at your office deskor home meeting, and of course in the evening on the couch, club, coffee shop.","robots":{"index":"index","follow":"follow","max-snippet":"max-snippet:-1","max-image-preview":"max-image-preview:large","max-video-preview":"max-video-preview:-1"},"canonical":"https:\/\/bohygge.de\/de\/produkt\/bh-mts-21-m-grey\/","og_locale":"de_DE","og_type":"article","og_title":"BH-MTS-21 M.Grey - BO HYGGE LUXURY LIFESTYLE BRAND, Frankfurt, Germany. Hoodie & Joggers set for casual, sports, hanging out activities.","og_description":"A multi-functional trendy clothing set (Hoodie & Joggers) that has everything you need to feel confident in it: in the morning on the way to the jogging, during the day at your office deskor home meeting, and of course in the evening on the couch, club, coffee shop.","og_url":"https:\/\/bohygge.de\/de\/produkt\/bh-mts-21-m-grey\/","og_site_name":"BO HYGGE","article_modified_time":"2022-03-27T07:34:10+00:00","og_image":[{"width":1707,"height":2560,"url":"https:\/\/bohygge.de\/wp-content\/uploads\/2022\/03\/DSCF6501-scaled.jpg","type":"image\/jpeg"}],"twitter_card":"summary_large_image","twitter_misc":{"Gesch\u00e4tzte Lesezeit":"1\u00a0Minute"},"schema":{"@context":"https:\/\/schema.org","@graph":[{"@type":"WebPage","@id":"https:\/\/bohygge.de\/de\/produkt\/bh-mts-21-m-grey\/","url":"https:\/\/bohygge.de\/de\/produkt\/bh-mts-21-m-grey\/","name":"BH-MTS-21 M.Grey - BO HYGGE LUXURY LIFESTYLE BRAND, Frankfurt, Germany. Hoodie & Joggers set for casual, sports, hanging out activities.","isPartOf":{"@id":"https:\/\/bohygge.de\/#website"},"primaryImageOfPage":{"@id":"https:\/\/bohygge.de\/de\/produkt\/bh-mts-21-m-grey\/#primaryimage"},"image":{"@id":"https:\/\/bohygge.de\/de\/produkt\/bh-mts-21-m-grey\/#primaryimage"},"thumbnailUrl":"https:\/\/bohygge.de\/wp-content\/uploads\/2022\/03\/DSCF6501-scaled.jpg","datePublished":"2022-03-20T12:19:57+00:00","dateModified":"2022-03-27T07:34:10+00:00","description":"A multi-functional trendy clothing set (Hoodie & Joggers) that has everything you need to feel confident in it: in the morning on the way to the jogging, during the day at your office deskor home meeting, and of course in the evening on the couch, club, coffee shop.","breadcrumb":{"@id":"https:\/\/bohygge.de\/de\/produkt\/bh-mts-21-m-grey\/#breadcrumb"},"inLanguage":"de","potentialAction":[{"@type":"ReadAction","target":["https:\/\/bohygge.de\/de\/produkt\/bh-mts-21-m-grey\/"]}]},{"@type":"ImageObject","inLanguage":"de","@id":"https:\/\/bohygge.de\/de\/produkt\/bh-mts-21-m-grey\/#primaryimage","url":"https:\/\/bohygge.de\/wp-content\/uploads\/2022\/03\/DSCF6501-scaled.jpg","contentUrl":"https:\/\/bohygge.de\/wp-content\/uploads\/2022\/03\/DSCF6501-scaled.jpg","width":1707,"height":2560},{"@type":"BreadcrumbList","@id":"https:\/\/bohygge.de\/de\/produkt\/bh-mts-21-m-grey\/#breadcrumb","itemListElement":[{"@type":"ListItem","position":1,"name":"Home","item":"https:\/\/bohygge.de\/"},{"@type":"ListItem","position":2,"name":"Shop","item":"https:\/\/bohygge.de\/shop\/"},{"@type":"ListItem","position":3,"name":"BH-MTS-21 M.Grey"}]},{"@type":"WebSite","@id":"https:\/\/bohygge.de\/#website","url":"https:\/\/bohygge.de\/","name":"BO HYGGE","description":"Luxury Lifestyle Brand","publisher":{"@id":"https:\/\/bohygge.de\/#organization"},"potentialAction":[{"@type":"SearchAction","target":{"@type":"EntryPoint","urlTemplate":"https:\/\/bohygge.de\/?s={search_term_string}"},"query-input":{"@type":"PropertyValueSpecification","valueRequired":true,"valueName":"search_term_string"}}],"inLanguage":"de"},{"@type":"Organization","@id":"https:\/\/bohygge.de\/#organization","name":"BO HYGGE","url":"https:\/\/bohygge.de\/","logo":{"@type":"ImageObject","inLanguage":"de","@id":"https:\/\/bohygge.de\/#\/schema\/logo\/image\/","url":"https:\/\/bohygge.de\/wp-content\/uploads\/2022\/02\/Asset-2@4x-8-1.png","contentUrl":"https:\/\/bohygge.de\/wp-content\/uploads\/2022\/02\/Asset-2@4x-8-1.png","width":681,"height":681,"caption":"BO HYGGE"},"image":{"@id":"https:\/\/bohygge.de\/#\/schema\/logo\/image\/"}}]}},"_links":{"self":[{"href":"https:\/\/bohygge.de\/de\/wp-json\/wp\/v2\/product\/1114","targetHints":{"allow":["GET"]}}],"collection":[{"href":"https:\/\/bohygge.de\/de\/wp-json\/wp\/v2\/product"}],"about":[{"href":"https:\/\/bohygge.de\/de\/wp-json\/wp\/v2\/types\/product"}],"replies":[{"embeddable":true,"href":"https:\/\/bohygge.de\/de\/wp-json\/wp\/v2\/comments?post=1114"}],"wp:featuredmedia":[{"embeddable":true,"href":"https:\/\/bohygge.de\/de\/wp-json\/wp\/v2\/media\/1115"}],"wp:attachment":[{"href":"https:\/\/bohygge.de\/de\/wp-json\/wp\/v2\/media?parent=1114"}],"wp:term":[{"taxonomy":"product_brand","embeddable":true,"href":"https:\/\/bohygge.de\/de\/wp-json\/wp\/v2\/product_brand?post=1114"},{"taxonomy":"product_cat","embeddable":true,"href":"https:\/\/bohygge.de\/de\/wp-json\/wp\/v2\/product_cat?post=1114"},{"taxonomy":"product_tag","embeddable":true,"href":"https:\/\/bohygge.de\/de\/wp-json\/wp\/v2\/product_tag?post=1114"}],"curies":[{"name":"wp","href":"https:\/\/api.w.org\/{rel}","templated":true}]}}