{"id":741,"date":"2022-03-08T18:18:24","date_gmt":"2022-03-08T18:18:24","guid":{"rendered":"https:\/\/bohygge.de\/?page_id=741"},"modified":"2022-06-13T11:01:46","modified_gmt":"2022-06-13T11:01:46","slug":"imprint","status":"publish","type":"page","link":"https:\/\/bohygge.de\/de\/imprint\/","title":{"rendered":"IMPRESSUM"},"content":{"rendered":"<div class=\"vc_row wpb_row vc_row-fluid vc_row-o-content-middle vc_row-flex\"><div class=\"wpb_column vc_column_container vc_col-sm-6\"><div class=\"vc_column-inner vc_custom_1648055982321\"><div class=\"wpb_wrapper\">\n\t<div class=\"wpb_text_column wpb_content_element\" >\n\t\t<div class=\"wpb_wrapper\">\n\t\t\t<h2 class=\"uppercase\"><span style=\"font-size: 120%;\"><strong>IMPRESSUM<\/strong><\/span><\/h2>\n<p><span style=\"font-size: 120%;\"><strong>TRADELINK INTERNATIONAL GMBH<\/strong><\/span><\/p>\n<p>Martinskirchstra\u00dfe 83<br \/>60529 Frankfurt am Main<br \/>Deutschland<\/p>\n<p><strong>E-Mail:<\/strong> contact@bohygge.de<\/p>\n<p><strong>Inhaber:<\/strong><br \/>A. S. SARKER ( Gesch\u00e4ftsf\u00fchrer\/ Managing Director)<br \/>Rainhard Nordbrock ( Gesellschafter\/director)<\/p>\n<p><strong>www.bohygge.de<\/strong><\/p>\n<p><strong>Eintragung der Marke Nr.<\/strong> 30 2021 237 000<br \/><strong>Umsatzsteuer-Identifikationsnummer:<\/strong> DE 321387738<br \/><strong>Steuernummer:<\/strong> 4724667994<br \/><strong>Handelsregister: <\/strong>HRB 112484<\/p>\n<p><strong>Urheberrecht: BO HYGGE<br \/>Texte, Fotos, Inhalte sind urheberrechtlich gesch\u00fctzt.<br \/>Jede Verwendung ohne Genehmigung ist untersagt.<\/strong><\/p>\n\n\t\t<\/div>\n\t<\/div>\n<\/div><\/div><\/div><div class=\"wpb_column vc_column_container vc_col-sm-6\"><div class=\"vc_column-inner\"><div class=\"wpb_wrapper\">\n\t<div  class=\"wpb_single_image wpb_content_element vc_align_center\">\n\t\t\n\t\t<figure class=\"wpb_wrapper vc_figure\">\n\t\t\t<div class=\"vc_single_image-wrapper   vc_box_border_grey\"><img fetchpriority=\"high\" decoding=\"async\" width=\"1063\" height=\"708\" src=\"https:\/\/bohygge.de\/wp-content\/uploads\/2022\/06\/Untitled-design-12.png\" class=\"vc_single_image-img attachment-full\" alt=\"\" title=\"Untitled design (12)\" srcset=\"https:\/\/bohygge.de\/wp-content\/uploads\/2022\/06\/Untitled-design-12.png 1063w, https:\/\/bohygge.de\/wp-content\/uploads\/2022\/06\/Untitled-design-12-601x400.png 601w, https:\/\/bohygge.de\/wp-content\/uploads\/2022\/06\/Untitled-design-12-768x512.png 768w, https:\/\/bohygge.de\/wp-content\/uploads\/2022\/06\/Untitled-design-12-18x12.png 18w, https:\/\/bohygge.de\/wp-content\/uploads\/2022\/06\/Untitled-design-12-100x68.png 100w, https:\/\/bohygge.de\/wp-content\/uploads\/2022\/06\/Untitled-design-12-450x300.png 450w, https:\/\/bohygge.de\/wp-content\/uploads\/2022\/06\/Untitled-design-12-840x559.png 840w\" sizes=\"(max-width: 1063px) 100vw, 1063px\" \/><\/div>\n\t\t<\/figure>\n\t<\/div>\n<\/div><\/div><\/div><\/div>","protected":false},"excerpt":{"rendered":"IMPRINT TRADELINK INTERNATIONAL GMBH Martinskirchstra\u00dfe 8360529 Frankfurt am MainGermany. E-Mail: contact@bohygge.de Owners:A. S. SARKER ( Gesch\u00e4ftsf\u00fchrer\/ Managing Director)Rainhard Nordbrock ( Gesellschafter\/director) www.bohygge.de Registration of trademark no. 30 2021 237 000Sales&hellip;","protected":false},"author":2,"featured_media":0,"parent":0,"menu_order":0,"comment_status":"closed","ping_status":"closed","template":"","meta":{"footnotes":""},"class_list":["post-741","page","type-page","status-publish","hentry"],"yoast_head":"<!-- This site is optimized with the Yoast SEO plugin v25.1 - https:\/\/yoast.com\/wordpress\/plugins\/seo\/ -->\n<title>IMPRINT - BO HYGGE<\/title>\n<meta name=\"robots\" content=\"index, follow, max-snippet:-1, max-image-preview:large, max-video-preview:-1\" \/>\n<link rel=\"canonical\" href=\"https:\/\/bohygge.de\/de\/imprint\/\" \/>\n<meta property=\"og:locale\" content=\"de_DE\" \/>\n<meta property=\"og:type\" content=\"article\" \/>\n<meta property=\"og:title\" content=\"IMPRINT - BO HYGGE\" \/>\n<meta property=\"og:url\" content=\"https:\/\/bohygge.de\/de\/imprint\/\" \/>\n<meta property=\"og:site_name\" content=\"BO HYGGE\" \/>\n<meta property=\"article:modified_time\" content=\"2022-06-13T11:01:46+00:00\" \/>\n<meta name=\"twitter:card\" content=\"summary_large_image\" \/>\n<meta name=\"twitter:label1\" content=\"Gesch\u00e4tzte Lesezeit\" \/>\n\t<meta name=\"twitter:data1\" content=\"1\u00a0Minute\" \/>\n<script type=\"application\/ld+json\" class=\"yoast-schema-graph\">{\"@context\":\"https:\/\/schema.org\",\"@graph\":[{\"@type\":\"WebPage\",\"@id\":\"https:\/\/bohygge.de\/imprint\/\",\"url\":\"https:\/\/bohygge.de\/imprint\/\",\"name\":\"IMPRINT - BO HYGGE\",\"isPartOf\":{\"@id\":\"https:\/\/bohygge.de\/#website\"},\"datePublished\":\"2022-03-08T18:18:24+00:00\",\"dateModified\":\"2022-06-13T11:01:46+00:00\",\"breadcrumb\":{\"@id\":\"https:\/\/bohygge.de\/imprint\/#breadcrumb\"},\"inLanguage\":\"de\",\"potentialAction\":[{\"@type\":\"ReadAction\",\"target\":[\"https:\/\/bohygge.de\/imprint\/\"]}]},{\"@type\":\"BreadcrumbList\",\"@id\":\"https:\/\/bohygge.de\/imprint\/#breadcrumb\",\"itemListElement\":[{\"@type\":\"ListItem\",\"position\":1,\"name\":\"Home\",\"item\":\"https:\/\/bohygge.de\/\"},{\"@type\":\"ListItem\",\"position\":2,\"name\":\"IMPRINT\"}]},{\"@type\":\"WebSite\",\"@id\":\"https:\/\/bohygge.de\/#website\",\"url\":\"https:\/\/bohygge.de\/\",\"name\":\"BO HYGGE\",\"description\":\"Luxury Lifestyle Brand\",\"publisher\":{\"@id\":\"https:\/\/bohygge.de\/#organization\"},\"potentialAction\":[{\"@type\":\"SearchAction\",\"target\":{\"@type\":\"EntryPoint\",\"urlTemplate\":\"https:\/\/bohygge.de\/?s={search_term_string}\"},\"query-input\":{\"@type\":\"PropertyValueSpecification\",\"valueRequired\":true,\"valueName\":\"search_term_string\"}}],\"inLanguage\":\"de\"},{\"@type\":\"Organization\",\"@id\":\"https:\/\/bohygge.de\/#organization\",\"name\":\"BO HYGGE\",\"url\":\"https:\/\/bohygge.de\/\",\"logo\":{\"@type\":\"ImageObject\",\"inLanguage\":\"de\",\"@id\":\"https:\/\/bohygge.de\/#\/schema\/logo\/image\/\",\"url\":\"https:\/\/bohygge.de\/wp-content\/uploads\/2022\/02\/Asset-2@4x-8-1.png\",\"contentUrl\":\"https:\/\/bohygge.de\/wp-content\/uploads\/2022\/02\/Asset-2@4x-8-1.png\",\"width\":681,\"height\":681,\"caption\":\"BO HYGGE\"},\"image\":{\"@id\":\"https:\/\/bohygge.de\/#\/schema\/logo\/image\/\"}}]}<\/script>\n<!-- \/ Yoast SEO plugin. -->","yoast_head_json":{"title":"IMPRINT - BO HYGGE","robots":{"index":"index","follow":"follow","max-snippet":"max-snippet:-1","max-image-preview":"max-image-preview:large","max-video-preview":"max-video-preview:-1"},"canonical":"https:\/\/bohygge.de\/de\/imprint\/","og_locale":"de_DE","og_type":"article","og_title":"IMPRINT - BO HYGGE","og_url":"https:\/\/bohygge.de\/de\/imprint\/","og_site_name":"BO HYGGE","article_modified_time":"2022-06-13T11:01:46+00:00","twitter_card":"summary_large_image","twitter_misc":{"Gesch\u00e4tzte Lesezeit":"1\u00a0Minute"},"schema":{"@context":"https:\/\/schema.org","@graph":[{"@type":"WebPage","@id":"https:\/\/bohygge.de\/imprint\/","url":"https:\/\/bohygge.de\/imprint\/","name":"IMPRINT - BO HYGGE","isPartOf":{"@id":"https:\/\/bohygge.de\/#website"},"datePublished":"2022-03-08T18:18:24+00:00","dateModified":"2022-06-13T11:01:46+00:00","breadcrumb":{"@id":"https:\/\/bohygge.de\/imprint\/#breadcrumb"},"inLanguage":"de","potentialAction":[{"@type":"ReadAction","target":["https:\/\/bohygge.de\/imprint\/"]}]},{"@type":"BreadcrumbList","@id":"https:\/\/bohygge.de\/imprint\/#breadcrumb","itemListElement":[{"@type":"ListItem","position":1,"name":"Home","item":"https:\/\/bohygge.de\/"},{"@type":"ListItem","position":2,"name":"IMPRINT"}]},{"@type":"WebSite","@id":"https:\/\/bohygge.de\/#website","url":"https:\/\/bohygge.de\/","name":"BO HYGGE","description":"Luxury Lifestyle Brand","publisher":{"@id":"https:\/\/bohygge.de\/#organization"},"potentialAction":[{"@type":"SearchAction","target":{"@type":"EntryPoint","urlTemplate":"https:\/\/bohygge.de\/?s={search_term_string}"},"query-input":{"@type":"PropertyValueSpecification","valueRequired":true,"valueName":"search_term_string"}}],"inLanguage":"de"},{"@type":"Organization","@id":"https:\/\/bohygge.de\/#organization","name":"BO HYGGE","url":"https:\/\/bohygge.de\/","logo":{"@type":"ImageObject","inLanguage":"de","@id":"https:\/\/bohygge.de\/#\/schema\/logo\/image\/","url":"https:\/\/bohygge.de\/wp-content\/uploads\/2022\/02\/Asset-2@4x-8-1.png","contentUrl":"https:\/\/bohygge.de\/wp-content\/uploads\/2022\/02\/Asset-2@4x-8-1.png","width":681,"height":681,"caption":"BO HYGGE"},"image":{"@id":"https:\/\/bohygge.de\/#\/schema\/logo\/image\/"}}]}},"_links":{"self":[{"href":"https:\/\/bohygge.de\/de\/wp-json\/wp\/v2\/pages\/741","targetHints":{"allow":["GET"]}}],"collection":[{"href":"https:\/\/bohygge.de\/de\/wp-json\/wp\/v2\/pages"}],"about":[{"href":"https:\/\/bohygge.de\/de\/wp-json\/wp\/v2\/types\/page"}],"author":[{"embeddable":true,"href":"https:\/\/bohygge.de\/de\/wp-json\/wp\/v2\/users\/2"}],"replies":[{"embeddable":true,"href":"https:\/\/bohygge.de\/de\/wp-json\/wp\/v2\/comments?post=741"}],"version-history":[{"count":5,"href":"https:\/\/bohygge.de\/de\/wp-json\/wp\/v2\/pages\/741\/revisions"}],"predecessor-version":[{"id":3176,"href":"https:\/\/bohygge.de\/de\/wp-json\/wp\/v2\/pages\/741\/revisions\/3176"}],"wp:attachment":[{"href":"https:\/\/bohygge.de\/de\/wp-json\/wp\/v2\/media?parent=741"}],"curies":[{"name":"wp","href":"https:\/\/api.w.org\/{rel}","templated":true}]}}