{"id":367,"date":"2022-02-20T18:28:14","date_gmt":"2022-02-20T18:28:14","guid":{"rendered":"https:\/\/bohygge.de\/?page_id=367"},"modified":"2022-03-28T20:26:14","modified_gmt":"2022-03-28T20:26:14","slug":"shipping","status":"publish","type":"page","link":"https:\/\/bohygge.de\/de\/shipping\/","title":{"rendered":"VERSAND"},"content":{"rendered":"<div class=\"vc_row wpb_row vc_row-fluid\"><div class=\"wpb_column vc_column_container vc_col-sm-12\"><div class=\"vc_column-inner\"><div class=\"wpb_wrapper\"><div class=\"vc_row wpb_row vc_inner vc_row-fluid vc_row-o-content-bottom vc_row-flex\"><div class=\"wpb_column vc_column_container vc_col-sm-6\"><div class=\"vc_column-inner\"><div class=\"wpb_wrapper\">\n\t<div class=\"wpb_text_column wpb_content_element\" >\n\t\t<div class=\"wpb_wrapper\">\n\t\t\t<h2 class=\"uppercase\">VERSAND<\/h2>\n<p>Die zus\u00e4tzlich zum Kaufpreis anfallenden Liefer- und Versandkosten gehen zu Lasten des K\u00e4ufers. Die Kosten und durchschnittlichen Lieferzeiten sind wie folgt*:<\/p>\n<p><span style=\"font-size: 120%;\"><strong>DEUTSCHLAND<\/strong><\/span><br \/>\n<strong>Standardversand (DHL) 6,95\u20ac<\/strong><br \/>\n1-2 Arbeitstage<br \/>\n<strong>Expressversand (DPD Express) 15\u20ac<\/strong><br \/>\n1 Arbeitstag<\/p>\n<p><span style=\"font-size: 120%;\"><strong>EUROPA<\/strong><\/span><br \/>\n<strong>Standardversand (FedEx Economy) 15\u20ac<\/strong><br \/>\n2-5 Arbeitstage<br \/>\n<strong>Expressversand (FedEx Express) 30\u20ac<\/strong><br \/>\n1 Arbeitstag<\/p>\n<p><span style=\"font-size: 120%;\"><strong>USA, KANADA <\/strong><\/span><br \/>\n<strong>Internationaler Standardversand (FedEx Economy) 30\u20ac<\/strong><br \/>\n4 Arbeitstage<br \/>\n<strong>Internationaler Expressversand (FedEx Priority) 45\u20ac<\/strong><br \/>\n1 Arbeitstag<\/p>\n<p><span style=\"font-size: 120%;\"><strong>REST DER WELT<\/strong><\/span><br \/>\n<strong>Internationaler Standardversand (FedEx Economy) 50\u20ac<\/strong><br \/>\nLateinamerika: 4 Arbeitstage<br \/>\nMittlerer Osten\/Indien: 4 Arbeitstage<br \/>\nAsien: 4-6 Werktage<br \/>\nAfrika und Ozeanien: 4-6 Werktage<br \/>\nInternationaler Expressversand (FedEx Priority) 70\u20ac<br \/>\nLateinamerika: 1-2 Werktage<br \/>\nNaher Osten\/Indien: 2 Werktage<br \/>\nAsien: 2 Werktage<br \/>\nAfrika und Ozeanien: 2-4 Werktage<\/p>\n\n\t\t<\/div>\n\t<\/div>\n<\/div><\/div><\/div><div class=\"wpb_column vc_column_container vc_col-sm-6\"><div class=\"vc_column-inner\"><div class=\"wpb_wrapper\">\n\t<div  class=\"wpb_single_image wpb_content_element vc_align_center\">\n\t\t\n\t\t<figure class=\"wpb_wrapper vc_figure\">\n\t\t\t<div class=\"vc_single_image-wrapper   vc_box_border_grey\"><img fetchpriority=\"high\" decoding=\"async\" width=\"467\" height=\"400\" src=\"https:\/\/bohygge.de\/wp-content\/uploads\/2022\/03\/undraw_package_arrived_63rf-467x400.png\" class=\"vc_single_image-img attachment-medium\" alt=\"\" title=\"undraw_package_arrived_63rf\" srcset=\"https:\/\/bohygge.de\/wp-content\/uploads\/2022\/03\/undraw_package_arrived_63rf-467x400.png 467w, https:\/\/bohygge.de\/wp-content\/uploads\/2022\/03\/undraw_package_arrived_63rf-935x800.png 935w, https:\/\/bohygge.de\/wp-content\/uploads\/2022\/03\/undraw_package_arrived_63rf-768x657.png 768w, https:\/\/bohygge.de\/wp-content\/uploads\/2022\/03\/undraw_package_arrived_63rf-14x12.png 14w, https:\/\/bohygge.de\/wp-content\/uploads\/2022\/03\/undraw_package_arrived_63rf-840x719.png 840w, https:\/\/bohygge.de\/wp-content\/uploads\/2022\/03\/undraw_package_arrived_63rf.png 1123w\" sizes=\"(max-width: 467px) 100vw, 467px\" \/><\/div>\n\t\t<\/figure>\n\t<\/div>\n<\/div><\/div><\/div><\/div>\n\t<div class=\"wpb_text_column wpb_content_element\" >\n\t\t<div class=\"wpb_wrapper\">\n\t\t\t<p style=\"text-align: center;\">Bitte beachten Sie, dass die Laufzeiten hier im Auftrag unserer Dienstleister aufgef\u00fchrt sind. Die Standardoptionen k\u00f6nnen in Ausnahmef\u00e4llen, insbesondere bei Lieferungen au\u00dferhalb der EU, aufgrund der Zoll- und Transitverfahren abweichen.<\/p>\n<p style=\"text-align: center;\">BITTE BEACHTEN SIE AUCH, DASS DIE ZOLLKOSTEN VOM VERBRAUCHER ZU TRAGEN SIND.<\/p>\n<h2 style=\"text-align: justify;\">R\u00dcCKGABE<\/h2>\n<p style=\"text-align: justify;\">Falls Sie die von Ihnen bestellten Artikel zur\u00fcckgeben m\u00f6chten, k\u00f6nnen Sie diese innerhalb einer R\u00fcckgabefrist von 14 Tagen zur\u00fcckgeben. Die R\u00fcckgabefrist beginnt mit dem Erhalt der Waren\/Produkte.<br \/>\nAlle Informationen zur R\u00fccksendung der Ware und zum Ausf\u00fcllen des R\u00fccknahmeantrags finden Sie in der Originalsendung. Sollten Sie kein R\u00fcckgabeformular in Ihrem Paket finden, senden Sie bitte eine E-Mail mit Ihrem vollst\u00e4ndigen Namen und Ihrer Bestellnummer an<br \/>\nhello@bohygge.com<\/p>\n<p style=\"text-align: justify;\">Die Versandkosten f\u00fcr R\u00fccksendungen sind vom Kunden zu tragen. Die R\u00fccksendung der Ware sollte an folgende Adresse geschickt werden:<\/p>\n<p style=\"text-align: justify;\">TRADELINK INTERNATIONAL GMBH<br \/>\nStroof Stra\u00dfe 27 (Geb\u00e4ude 2006)<br \/>\n65933 Frankfurt am Main<br \/>\nDeutschland<\/p>\n<p style=\"text-align: justify;\">Bitte beachten Sie bei R\u00fccksendungen Folgendes:<\/p>\n<p style=\"text-align: justify;\">Bitte beschriften Sie das Paket nicht und kleben Sie es nicht zu.<br \/>\nWir k\u00f6nnen sie nur dann als R\u00fccksendung annehmen, wenn sie keine Gebrauchsspuren aufweisen.<br \/>\nBitte vermeiden Sie unn\u00f6tige\/\u00fcberfl\u00fcssige R\u00fccksendungen, da sie einen hohen Arbeits- und Zeitaufwand mit sich bringen.<br \/>\nWir bitten Sie, die Ware in der Originalverpackung und in neuwertigem Zustand an uns zur\u00fcckzusenden. Jegliche Art von Besch\u00e4digungen oder Verschmutzungen k\u00f6nnen nicht bearbeitet werden.<\/p>\n<p style=\"text-align: justify;\">Herzlichen Dank!!!<br \/>\n&nbsp;<\/p>\n\n\t\t<\/div>\n\t<\/div>\n<\/div><\/div><\/div><div class=\"wpb_column vc_column_container vc_col-sm-12\"><div class=\"vc_column-inner\"><div class=\"wpb_wrapper\"><\/div><\/div><\/div><div class=\"wpb_column vc_column_container vc_col-sm-12\"><div class=\"vc_column-inner\"><div class=\"wpb_wrapper\"><\/div><\/div><\/div><div class=\"wpb_column vc_column_container vc_col-sm-12\"><div class=\"vc_column-inner\"><div class=\"wpb_wrapper\"><\/div><\/div><\/div><\/div><!-- \/wp:post-content -->","protected":false},"excerpt":{"rendered":"SHIPPING The delivery and shipping costs incurred in addition to the purchase price are borne by the buyer.\u00a0The costs and average delivery times are as follows*: GERMANY Standard shipping (DHL)&hellip;","protected":false},"author":2,"featured_media":0,"parent":0,"menu_order":0,"comment_status":"closed","ping_status":"closed","template":"","meta":{"footnotes":""},"class_list":["post-367","page","type-page","status-publish","hentry"],"yoast_head":"<!-- This site is optimized with the Yoast SEO plugin v25.1 - https:\/\/yoast.com\/wordpress\/plugins\/seo\/ -->\n<title>SHIPPING - BO HYGGE<\/title>\n<meta name=\"robots\" content=\"index, follow, max-snippet:-1, max-image-preview:large, max-video-preview:-1\" \/>\n<link rel=\"canonical\" href=\"https:\/\/bohygge.de\/de\/shipping\/\" \/>\n<meta property=\"og:locale\" content=\"de_DE\" \/>\n<meta property=\"og:type\" content=\"article\" \/>\n<meta property=\"og:title\" content=\"SHIPPING - BO HYGGE\" \/>\n<meta property=\"og:url\" content=\"https:\/\/bohygge.de\/de\/shipping\/\" \/>\n<meta property=\"og:site_name\" content=\"BO HYGGE\" \/>\n<meta property=\"article:modified_time\" content=\"2022-03-28T20:26:14+00:00\" \/>\n<meta name=\"twitter:card\" content=\"summary_large_image\" \/>\n<meta name=\"twitter:label1\" content=\"Gesch\u00e4tzte Lesezeit\" \/>\n\t<meta name=\"twitter:data1\" content=\"2\u00a0Minuten\" \/>\n<script type=\"application\/ld+json\" class=\"yoast-schema-graph\">{\"@context\":\"https:\/\/schema.org\",\"@graph\":[{\"@type\":\"WebPage\",\"@id\":\"https:\/\/bohygge.de\/shipping\/\",\"url\":\"https:\/\/bohygge.de\/shipping\/\",\"name\":\"SHIPPING - BO HYGGE\",\"isPartOf\":{\"@id\":\"https:\/\/bohygge.de\/#website\"},\"datePublished\":\"2022-02-20T18:28:14+00:00\",\"dateModified\":\"2022-03-28T20:26:14+00:00\",\"breadcrumb\":{\"@id\":\"https:\/\/bohygge.de\/shipping\/#breadcrumb\"},\"inLanguage\":\"de\",\"potentialAction\":[{\"@type\":\"ReadAction\",\"target\":[\"https:\/\/bohygge.de\/shipping\/\"]}]},{\"@type\":\"BreadcrumbList\",\"@id\":\"https:\/\/bohygge.de\/shipping\/#breadcrumb\",\"itemListElement\":[{\"@type\":\"ListItem\",\"position\":1,\"name\":\"Home\",\"item\":\"https:\/\/bohygge.de\/\"},{\"@type\":\"ListItem\",\"position\":2,\"name\":\"SHIPPING\"}]},{\"@type\":\"WebSite\",\"@id\":\"https:\/\/bohygge.de\/#website\",\"url\":\"https:\/\/bohygge.de\/\",\"name\":\"BO HYGGE\",\"description\":\"Luxury Lifestyle Brand\",\"publisher\":{\"@id\":\"https:\/\/bohygge.de\/#organization\"},\"potentialAction\":[{\"@type\":\"SearchAction\",\"target\":{\"@type\":\"EntryPoint\",\"urlTemplate\":\"https:\/\/bohygge.de\/?s={search_term_string}\"},\"query-input\":{\"@type\":\"PropertyValueSpecification\",\"valueRequired\":true,\"valueName\":\"search_term_string\"}}],\"inLanguage\":\"de\"},{\"@type\":\"Organization\",\"@id\":\"https:\/\/bohygge.de\/#organization\",\"name\":\"BO HYGGE\",\"url\":\"https:\/\/bohygge.de\/\",\"logo\":{\"@type\":\"ImageObject\",\"inLanguage\":\"de\",\"@id\":\"https:\/\/bohygge.de\/#\/schema\/logo\/image\/\",\"url\":\"https:\/\/bohygge.de\/wp-content\/uploads\/2022\/02\/Asset-2@4x-8-1.png\",\"contentUrl\":\"https:\/\/bohygge.de\/wp-content\/uploads\/2022\/02\/Asset-2@4x-8-1.png\",\"width\":681,\"height\":681,\"caption\":\"BO HYGGE\"},\"image\":{\"@id\":\"https:\/\/bohygge.de\/#\/schema\/logo\/image\/\"}}]}<\/script>\n<!-- \/ Yoast SEO plugin. -->","yoast_head_json":{"title":"SHIPPING - BO HYGGE","robots":{"index":"index","follow":"follow","max-snippet":"max-snippet:-1","max-image-preview":"max-image-preview:large","max-video-preview":"max-video-preview:-1"},"canonical":"https:\/\/bohygge.de\/de\/shipping\/","og_locale":"de_DE","og_type":"article","og_title":"SHIPPING - BO HYGGE","og_url":"https:\/\/bohygge.de\/de\/shipping\/","og_site_name":"BO HYGGE","article_modified_time":"2022-03-28T20:26:14+00:00","twitter_card":"summary_large_image","twitter_misc":{"Gesch\u00e4tzte Lesezeit":"2\u00a0Minuten"},"schema":{"@context":"https:\/\/schema.org","@graph":[{"@type":"WebPage","@id":"https:\/\/bohygge.de\/shipping\/","url":"https:\/\/bohygge.de\/shipping\/","name":"SHIPPING - BO HYGGE","isPartOf":{"@id":"https:\/\/bohygge.de\/#website"},"datePublished":"2022-02-20T18:28:14+00:00","dateModified":"2022-03-28T20:26:14+00:00","breadcrumb":{"@id":"https:\/\/bohygge.de\/shipping\/#breadcrumb"},"inLanguage":"de","potentialAction":[{"@type":"ReadAction","target":["https:\/\/bohygge.de\/shipping\/"]}]},{"@type":"BreadcrumbList","@id":"https:\/\/bohygge.de\/shipping\/#breadcrumb","itemListElement":[{"@type":"ListItem","position":1,"name":"Home","item":"https:\/\/bohygge.de\/"},{"@type":"ListItem","position":2,"name":"SHIPPING"}]},{"@type":"WebSite","@id":"https:\/\/bohygge.de\/#website","url":"https:\/\/bohygge.de\/","name":"BO HYGGE","description":"Luxury Lifestyle Brand","publisher":{"@id":"https:\/\/bohygge.de\/#organization"},"potentialAction":[{"@type":"SearchAction","target":{"@type":"EntryPoint","urlTemplate":"https:\/\/bohygge.de\/?s={search_term_string}"},"query-input":{"@type":"PropertyValueSpecification","valueRequired":true,"valueName":"search_term_string"}}],"inLanguage":"de"},{"@type":"Organization","@id":"https:\/\/bohygge.de\/#organization","name":"BO HYGGE","url":"https:\/\/bohygge.de\/","logo":{"@type":"ImageObject","inLanguage":"de","@id":"https:\/\/bohygge.de\/#\/schema\/logo\/image\/","url":"https:\/\/bohygge.de\/wp-content\/uploads\/2022\/02\/Asset-2@4x-8-1.png","contentUrl":"https:\/\/bohygge.de\/wp-content\/uploads\/2022\/02\/Asset-2@4x-8-1.png","width":681,"height":681,"caption":"BO HYGGE"},"image":{"@id":"https:\/\/bohygge.de\/#\/schema\/logo\/image\/"}}]}},"_links":{"self":[{"href":"https:\/\/bohygge.de\/de\/wp-json\/wp\/v2\/pages\/367","targetHints":{"allow":["GET"]}}],"collection":[{"href":"https:\/\/bohygge.de\/de\/wp-json\/wp\/v2\/pages"}],"about":[{"href":"https:\/\/bohygge.de\/de\/wp-json\/wp\/v2\/types\/page"}],"author":[{"embeddable":true,"href":"https:\/\/bohygge.de\/de\/wp-json\/wp\/v2\/users\/2"}],"replies":[{"embeddable":true,"href":"https:\/\/bohygge.de\/de\/wp-json\/wp\/v2\/comments?post=367"}],"version-history":[{"count":1,"href":"https:\/\/bohygge.de\/de\/wp-json\/wp\/v2\/pages\/367\/revisions"}],"predecessor-version":[{"id":2989,"href":"https:\/\/bohygge.de\/de\/wp-json\/wp\/v2\/pages\/367\/revisions\/2989"}],"wp:attachment":[{"href":"https:\/\/bohygge.de\/de\/wp-json\/wp\/v2\/media?parent=367"}],"curies":[{"name":"wp","href":"https:\/\/api.w.org\/{rel}","templated":true}]}}